{"id":8,"date":"2015-10-19T07:48:07","date_gmt":"2015-10-19T07:48:07","guid":{"rendered":"http:\/\/www.tonisson.ee\/uuejoe\/?page_id=8"},"modified":"2015-10-19T07:51:38","modified_gmt":"2015-10-19T07:51:38","slug":"tutvustus","status":"publish","type":"page","link":"https:\/\/www.tonisson.ee\/uuejoe?page_id=8","title":{"rendered":"Tutvustus"},"content":{"rendered":"<h2>TULE\u00a0NAUDI\u00a0PRIVAATSET ENERGIAS\u00c4\u00c4STU\u00a0ETALONI!<\/h2>\n<p><strong>2014. aastal valminud elamu on juba neljas v\u00e4ike kortermaja UUEJ\u00d5E elurajoonis.<\/strong> S\u00f5iduteek\u00e4rast eemal paiknev stiilsete korteritega elamu on m\u00f5eldud neile, kes eelistavad <strong>rahulikku j\u00f5el\u00e4hedast elukeskkonda kesklinna l\u00e4heduses<\/strong>. 3-toalistes korterites on kogu ulatuses P\u00d5RANDAK\u00dcTE linna kaugk\u00fctte baasil. Innovaatilise uuendusena\u00a0korteriturul on soojustagastusega kaasaegne ventilatsioonis\u00fcsteem, mis suunab ventilatsiooniga v\u00e4ljuva energia tagasi\u00a0korteri k\u00fctmiseks ja\u00a0aitab sedasi kokku hoida 20-50% energiat. K\u00fcttekulu arvestamiseks\u00a0on igal korteril ka oma soojam\u00f5\u00f5tja. K\u00f5ikidel korteritel on mitu r\u00f5du. Maja sise- ja v\u00e4lisviimistluses kasutatakse l\u00e4bi aegade hinnatud looduslikke v\u00e4\u00e4rismaterjale nagu marmor ja graniit. <strong>Suured keldrid ja panipaigad.<\/strong> Turvalisusele aitab kaasa video-fono lukk sissep\u00e4\u00e4sul ja sertifitseeritud sarilukustuss\u00fcsteem.<\/p>\n<p>Korrastatud \u00fcmbrus rohelise muru ja p\u00f5lispuude roheluses. <strong>HINNA SEES on kogu sanitaartehnika ning K\u00d6\u00d6GIM\u00d6\u00d6BEL koos pliidi, ahju, kraanikausi ja n\u00f5udepesumasinaga.<\/strong> K\u00f6\u00f6gim\u00f6\u00f6bli tooni ja stiili saab korteri tulevane omanik ise valida.\u00a0Parkimine on\u00a0elamu ees asuvas parklas. Kasutatavad tehnoloogiad, materjalid ja ehituskvaliteet annavad elamule\u00a0<strong>B-klassi energiam\u00e4rgise.<\/strong><\/p>\n<h3>Tule oma tulevast kodu vaatama!<\/h3>\n","protected":false},"excerpt":{"rendered":"<p>TULE\u00a0NAUDI\u00a0PRIVAATSET ENERGIAS\u00c4\u00c4STU\u00a0ETALONI! 2014. aastal valminud elamu on juba neljas v\u00e4ike kortermaja UUEJ\u00d5E elurajoonis. S\u00f5iduteek\u00e4rast eemal paiknev stiilsete korteritega elamu on m\u00f5eldud neile, kes eelistavad rahulikku j\u00f5el\u00e4hedast elukeskkonda kesklinna l\u00e4heduses. 3-toalistes korterites on kogu ulatuses P\u00d5RANDAK\u00dcTE linna kaugk\u00fctte baasil. Innovaatilise uuendusena\u00a0korteriturul on soojustagastusega kaasaegne ventilatsioonis\u00fcsteem, mis suunab ventilatsiooniga v\u00e4ljuva energia tagasi\u00a0korteri k\u00fctmiseks ja\u00a0aitab sedasi kokku hoida [&hellip;]<\/p>\n","protected":false},"author":1,"featured_media":0,"parent":0,"menu_order":0,"comment_status":"closed","ping_status":"closed","template":"","meta":{"_acf_changed":false,"footnotes":"","_links_to":"","_links_to_target":""},"class_list":["post-8","page","type-page","status-publish","hentry"],"acf":[],"_links":{"self":[{"href":"https:\/\/www.tonisson.ee\/uuejoe\/index.php?rest_route=\/wp\/v2\/pages\/8","targetHints":{"allow":["GET"]}}],"collection":[{"href":"https:\/\/www.tonisson.ee\/uuejoe\/index.php?rest_route=\/wp\/v2\/pages"}],"about":[{"href":"https:\/\/www.tonisson.ee\/uuejoe\/index.php?rest_route=\/wp\/v2\/types\/page"}],"author":[{"embeddable":true,"href":"https:\/\/www.tonisson.ee\/uuejoe\/index.php?rest_route=\/wp\/v2\/users\/1"}],"replies":[{"embeddable":true,"href":"https:\/\/www.tonisson.ee\/uuejoe\/index.php?rest_route=%2Fwp%2Fv2%2Fcomments&post=8"}],"version-history":[{"count":3,"href":"https:\/\/www.tonisson.ee\/uuejoe\/index.php?rest_route=\/wp\/v2\/pages\/8\/revisions"}],"predecessor-version":[{"id":11,"href":"https:\/\/www.tonisson.ee\/uuejoe\/index.php?rest_route=\/wp\/v2\/pages\/8\/revisions\/11"}],"wp:attachment":[{"href":"https:\/\/www.tonisson.ee\/uuejoe\/index.php?rest_route=%2Fwp%2Fv2%2Fmedia&parent=8"}],"curies":[{"name":"wp","href":"https:\/\/api.w.org\/{rel}","templated":true}]}}