{"id":8,"date":"2015-10-19T07:48:07","date_gmt":"2015-10-19T07:48:07","guid":{"rendered":"http:\/\/www.tonisson.ee\/tui6\/?page_id=8"},"modified":"2018-09-19T14:59:09","modified_gmt":"2018-09-19T14:59:09","slug":"tutvustus","status":"publish","type":"page","link":"https:\/\/www.tonisson.ee\/tui6\/tutvustus\/","title":{"rendered":"Tutvustus"},"content":{"rendered":"<h2>P\u00e4rnule iseloomulik puitmaja traditsioon &#8211; otse keskuses<\/h2>\n<div class=\"uk-flex-middle uk-margin-remove-vertical uk-grid uk-grid-stack\">\n<div class=\"uk-width-1-1@m uk-first-column\">\n<div class=\"uk-flex-middle uk-margin-remove-vertical uk-grid uk-grid-stack\">\n<div class=\"uk-width-1-1@m uk-first-column\">\n<p>P\u00e4rnu kesklinna Jaansoni raja ja P\u00e4rnu j\u00f5e vahetusse l\u00e4hedusse nn Kalamehe piirkonda vaiksele Tui t\u00e4naval asub uus kaasaaegne ja stiilne korterelamu \u2013 Tui Tornid.<\/p>\n<p>Elamu arhitektuur on skandinaaviap\u00e4rane ja kaasaegne. Maja fassaad on viimistletud \u00fcmbritsevasse keskkonda suurep\u00e4raselt sobivate puit detailidega. Hoone t\u00e4navapoolses nurgas on kaks k\u00f5rgemat tornikorterit, mis lisavad kortermajale eksklusiivsust ja omap\u00e4ra.<\/p>\n<p>Residentsi \u00f5ueala piiratakse piirkonda h\u00e4sti sobituva puitaiaga, mis muudab territooriumi turvaliseks ja \u00f5dusaks. Sisehoovis asuvad parkimiskohad, laste m\u00e4nguv\u00e4ljak ja piirkonnale omane rohelus.<\/p>\n<p>Esimese korruse kodudes saab hommikukohvi juua p\u00e4ikesek\u00fcllasel puitp\u00f5randaga terrassil, mis on \u00e4\u00e4ristatud kauni haljastusega. Teise ja kolmanda korruse kodudes saab rohelust nautida p\u00e4ikesepoolsel r\u00f5dul.<\/p>\n<p>Kokku on valikus 19 erinevat korterit, mille seast leiad sinagi endale sobiva kodu.<\/p>\n<p>K\u00f5ikidel korteritel on mugav panipaik esimesel korrusel ja parkimiskoht koos isikliku elektripistikuga.<\/p>\n<\/div>\n<\/div>\n<div class=\"uk-margin-remove-vertical uk-grid uk-grid-stack\">\n<div class=\"uk-width-1-1@m uk-first-column\">\n<div class=\"uk-margin uk-text-center\">\n<p>Elamu energiaklass on\u00a0<strong>B<\/strong>.<\/p>\n<\/div>\n<\/div>\n<\/div>\n<\/div>\n<\/div>\n<h3>Tule oma uut kodu vaatama!<\/h3>\n","protected":false},"excerpt":{"rendered":"<p>P\u00e4rnule iseloomulik puitmaja traditsioon &#8211; otse keskuses P\u00e4rnu kesklinna Jaansoni raja ja P\u00e4rnu j\u00f5e vahetusse l\u00e4hedusse nn Kalamehe piirkonda vaiksele Tui t\u00e4naval asub uus kaasaaegne ja stiilne korterelamu \u2013 Tui Tornid. Elamu arhitektuur on skandinaaviap\u00e4rane ja kaasaegne. Maja fassaad on viimistletud \u00fcmbritsevasse keskkonda suurep\u00e4raselt sobivate puit detailidega. Hoone t\u00e4navapoolses nurgas on kaks k\u00f5rgemat tornikorterit, mis [&hellip;]<\/p>\n","protected":false},"author":1,"featured_media":0,"parent":0,"menu_order":0,"comment_status":"closed","ping_status":"closed","template":"","meta":{"_acf_changed":false,"footnotes":"","_links_to":"","_links_to_target":""},"class_list":["post-8","page","type-page","status-publish","hentry"],"acf":[],"_links":{"self":[{"href":"https:\/\/www.tonisson.ee\/tui6\/wp-json\/wp\/v2\/pages\/8","targetHints":{"allow":["GET"]}}],"collection":[{"href":"https:\/\/www.tonisson.ee\/tui6\/wp-json\/wp\/v2\/pages"}],"about":[{"href":"https:\/\/www.tonisson.ee\/tui6\/wp-json\/wp\/v2\/types\/page"}],"author":[{"embeddable":true,"href":"https:\/\/www.tonisson.ee\/tui6\/wp-json\/wp\/v2\/users\/1"}],"replies":[{"embeddable":true,"href":"https:\/\/www.tonisson.ee\/tui6\/wp-json\/wp\/v2\/comments?post=8"}],"version-history":[{"count":18,"href":"https:\/\/www.tonisson.ee\/tui6\/wp-json\/wp\/v2\/pages\/8\/revisions"}],"predecessor-version":[{"id":768,"href":"https:\/\/www.tonisson.ee\/tui6\/wp-json\/wp\/v2\/pages\/8\/revisions\/768"}],"wp:attachment":[{"href":"https:\/\/www.tonisson.ee\/tui6\/wp-json\/wp\/v2\/media?parent=8"}],"curies":[{"name":"wp","href":"https:\/\/api.w.org\/{rel}","templated":true}]}}