{"id":8,"date":"2015-10-19T07:48:07","date_gmt":"2015-10-19T07:48:07","guid":{"rendered":"http:\/\/www.tonisson.ee\/tui6\/?page_id=8"},"modified":"2022-06-06T10:34:19","modified_gmt":"2022-06-06T10:34:19","slug":"tutvustus","status":"publish","type":"page","link":"https:\/\/www.tonisson.ee\/niidupargi\/tutvustus\/","title":{"rendered":"Tutvustus"},"content":{"rendered":"<section id=\"uldkirjeldus\" class=\"w-full content-m-y js-reveal\">\n<div class=\"content content-p-x overflow-hidden\">\n<div class=\"text-center\"><\/div>\n<div class=\"max-w-4xl mx-auto module-simple-content\">\n<div class=\"body-text\">\n<p>Tere tulemast uude elukeskkonda. Niidupargi elurajoon asub R\u00e4\u00e4mal, vahetult Niidu parkmetsa k\u00f5rval. L\u00e4himate aastate jooksul kerkib siia 6 energias\u00e4\u00e4stlikku A-energiaklassi kortermaja, kus uue kodu leiab omale kuni 160 P\u00e4rnu pere. Esimesed kodud Niidupargi elurajoonis saavad valmis juba 2022. a.<\/p>\n<p>Niidupargi korterid on 1-4toalised, igal korteril on oma r\u00f5du v\u00f5i terrass. Hubase kodusoojuse saamiseks on igas korteris vesip\u00f5randak\u00fcte, soojustagastusega ventilatsioon ja kolmekordselt klaasitud aknad. Korterile lisaks on v\u00f5imalus juurde soetada panipaik ja isiklik parkimiskoht.<\/p>\n<p>Elurajooni keskpunktiks saab majade keskele rajatav roheline \u00f5ueala, kuhu tulevad istumiskohad, m\u00e4nguv\u00e4ljakud ja puhkealad. L\u00e4hedal on koolid, lasteaiad, mitmed suured t\u00f6\u00f6andjad ja bussipeatus, kust on hea \u00fchendus P\u00e4rnu kesklinnaga. Jalutusk\u00e4igu kaugusel asub P\u00e4rnu j\u00f5e \u00e4\u00e4rne J\u00fcri Jaansoni rada, kus on m\u00f5nus joosta ja tervisek\u00f5ndi teha.<\/p>\n<p>Niidupargi majadele ja parkimisaladele paigaldatakse valvekaamerad. V\u00e4lisukse fonolukk t\u00f6\u00f6tab interaktiivselt, edastades korteris asuvale displeile nii pilti kui ka heli. Fonolukku saab avada ka nutirakendusega. Parkimiskohtadele luuakse elektriautode laadimise valmidus. Samuti on hoolitsetud jalgrataste ja asjade hoiustamise eest.<\/p>\n<\/div>\n<\/div>\n<\/div>\n<\/section>\n<h2 style=\"text-align: center\"><a href=\"https:\/\/www.tonisson.ee\/niidupargi\/wp-content\/uploads\/sites\/18\/2022\/06\/niidupargi-slaider-1.jpg\"><img loading=\"lazy\" decoding=\"async\" class=\"aligncenter wp-image-1242 size-full\" style=\"font-size: 16px\" src=\"https:\/\/www.tonisson.ee\/niidupargi\/wp-content\/uploads\/sites\/18\/2022\/06\/niidupargi-slaider-1.jpg\" width=\"1920\" height=\"900\" srcset=\"https:\/\/www.tonisson.ee\/niidupargi\/wp-content\/uploads\/sites\/18\/2022\/06\/niidupargi-slaider-1.jpg 1920w, https:\/\/www.tonisson.ee\/niidupargi\/wp-content\/uploads\/sites\/18\/2022\/06\/niidupargi-slaider-1-300x141.jpg 300w, https:\/\/www.tonisson.ee\/niidupargi\/wp-content\/uploads\/sites\/18\/2022\/06\/niidupargi-slaider-1-768x360.jpg 768w, https:\/\/www.tonisson.ee\/niidupargi\/wp-content\/uploads\/sites\/18\/2022\/06\/niidupargi-slaider-1-1024x480.jpg 1024w\" sizes=\"auto, (max-width: 1920px) 100vw, 1920px\" \/><\/a><br \/>\nTule oma uut kodu vaatama!<\/h2>\n","protected":false},"excerpt":{"rendered":"<p>Tere tulemast uude elukeskkonda. Niidupargi elurajoon asub R\u00e4\u00e4mal, vahetult Niidu parkmetsa k\u00f5rval. L\u00e4himate aastate jooksul kerkib siia 6 energias\u00e4\u00e4stlikku A-energiaklassi kortermaja, kus uue kodu leiab omale kuni 160 P\u00e4rnu pere. Esimesed kodud Niidupargi elurajoonis saavad valmis juba 2022. a. Niidupargi korterid on 1-4toalised, igal korteril on oma r\u00f5du v\u00f5i terrass. Hubase kodusoojuse saamiseks on igas [&hellip;]<\/p>\n","protected":false},"author":1,"featured_media":0,"parent":0,"menu_order":0,"comment_status":"closed","ping_status":"closed","template":"","meta":{"_acf_changed":false,"footnotes":"","_links_to":"","_links_to_target":""},"class_list":["post-8","page","type-page","status-publish","hentry"],"acf":[],"_links":{"self":[{"href":"https:\/\/www.tonisson.ee\/niidupargi\/wp-json\/wp\/v2\/pages\/8","targetHints":{"allow":["GET"]}}],"collection":[{"href":"https:\/\/www.tonisson.ee\/niidupargi\/wp-json\/wp\/v2\/pages"}],"about":[{"href":"https:\/\/www.tonisson.ee\/niidupargi\/wp-json\/wp\/v2\/types\/page"}],"author":[{"embeddable":true,"href":"https:\/\/www.tonisson.ee\/niidupargi\/wp-json\/wp\/v2\/users\/1"}],"replies":[{"embeddable":true,"href":"https:\/\/www.tonisson.ee\/niidupargi\/wp-json\/wp\/v2\/comments?post=8"}],"version-history":[{"count":33,"href":"https:\/\/www.tonisson.ee\/niidupargi\/wp-json\/wp\/v2\/pages\/8\/revisions"}],"predecessor-version":[{"id":1317,"href":"https:\/\/www.tonisson.ee\/niidupargi\/wp-json\/wp\/v2\/pages\/8\/revisions\/1317"}],"wp:attachment":[{"href":"https:\/\/www.tonisson.ee\/niidupargi\/wp-json\/wp\/v2\/media?parent=8"}],"curies":[{"name":"wp","href":"https:\/\/api.w.org\/{rel}","templated":true}]}}