{"id":78,"date":"2015-10-19T10:43:17","date_gmt":"2015-10-19T10:43:17","guid":{"rendered":"http:\/\/www.tonisson.ee\/tui6\/?page_id=78"},"modified":"2022-06-06T13:23:37","modified_gmt":"2022-06-06T13:23:37","slug":"sinu-uus-kodu-akadeemilises-linnaosas","status":"publish","type":"page","link":"https:\/\/www.tonisson.ee\/niidupargi\/","title":{"rendered":"<strong>UUED A-ENERGIAKLASSI MAJAD<\/strong>"},"content":{"rendered":"<h2 class=\"text-2xl md:text-3xl text-brown-100\"><strong>Tere tulemast uude elukeskkonda<\/strong><\/h2>\n<div class=\"uk-flex-middle uk-margin-remove-vertical uk-grid uk-grid-stack\">\n<div class=\"uk-width-1-1@m uk-first-column\">\n<div class=\"uk-flex-middle uk-margin-remove-vertical uk-grid uk-grid-stack\">\n<div class=\"uk-width-1-1@m uk-first-column\">\n<p>Peagi kerkib P\u00e4rnu linna uhiuus Niidupargi elurajoon, kus leiab endale uue kodu kuni 160 pere. See on kaasaegne elukeskkond, kus fookus on t\u00e4nap\u00e4evastel lahendustel ja \u00f5dusal \u00f5uealal. Need on uued kodud P\u00e4rnus, kus on turvaline ja hea elada ning kus kodu algab kaugemalt kui sinu isiklik korteriuks. Kokku tuleb Niidupargi elurajooni 6 kortermaja. Esimesed kodud valmivad 2022. a.<\/p>\n<p>Niidupargis saavad kokku linnalikud mugavused ja looduslik milj\u00f6\u00f6. See k\u00f5ik loob eeldused, et siin on terviklik elukeskkond, kus on hea elada ja kus kodu algab kaugemalt kui sinu isiklik korteriuks.<br \/>\n<a href=\"https:\/\/www.tonisson.ee\/niidupargi\/wp-content\/uploads\/sites\/18\/2022\/06\/niidupargi-slaider-1.jpg\"><img loading=\"lazy\" decoding=\"async\" class=\"aligncenter size-full wp-image-1242\" src=\"https:\/\/www.tonisson.ee\/niidupargi\/wp-content\/uploads\/sites\/18\/2022\/06\/niidupargi-slaider-1.jpg\" alt=\"niidupargi-slaider-1\" width=\"1920\" height=\"900\" srcset=\"https:\/\/www.tonisson.ee\/niidupargi\/wp-content\/uploads\/sites\/18\/2022\/06\/niidupargi-slaider-1.jpg 1920w, https:\/\/www.tonisson.ee\/niidupargi\/wp-content\/uploads\/sites\/18\/2022\/06\/niidupargi-slaider-1-300x141.jpg 300w, https:\/\/www.tonisson.ee\/niidupargi\/wp-content\/uploads\/sites\/18\/2022\/06\/niidupargi-slaider-1-768x360.jpg 768w, https:\/\/www.tonisson.ee\/niidupargi\/wp-content\/uploads\/sites\/18\/2022\/06\/niidupargi-slaider-1-1024x480.jpg 1024w\" sizes=\"auto, (max-width: 1920px) 100vw, 1920px\" \/><\/a><\/p>\n<\/div>\n<\/div>\n<\/div>\n<\/div>\n<h2 style=\"text-align: center\">Tule oma uut kodu vaatama!<\/h2>\n","protected":false},"excerpt":{"rendered":"<p>Tere tulemast uude elukeskkonda Peagi kerkib P\u00e4rnu linna uhiuus Niidupargi elurajoon, kus leiab endale uue kodu kuni 160 pere. See on kaasaegne elukeskkond, kus fookus on t\u00e4nap\u00e4evastel lahendustel ja \u00f5dusal \u00f5uealal. Need on uued kodud P\u00e4rnus, kus on turvaline ja hea elada ning kus kodu algab kaugemalt kui sinu isiklik korteriuks. Kokku tuleb Niidupargi elurajooni [&hellip;]<\/p>\n","protected":false},"author":1,"featured_media":0,"parent":0,"menu_order":0,"comment_status":"closed","ping_status":"closed","template":"","meta":{"_acf_changed":false,"footnotes":"","_links_to":"","_links_to_target":""},"class_list":["post-78","page","type-page","status-publish","hentry"],"acf":[],"_links":{"self":[{"href":"https:\/\/www.tonisson.ee\/niidupargi\/wp-json\/wp\/v2\/pages\/78","targetHints":{"allow":["GET"]}}],"collection":[{"href":"https:\/\/www.tonisson.ee\/niidupargi\/wp-json\/wp\/v2\/pages"}],"about":[{"href":"https:\/\/www.tonisson.ee\/niidupargi\/wp-json\/wp\/v2\/types\/page"}],"author":[{"embeddable":true,"href":"https:\/\/www.tonisson.ee\/niidupargi\/wp-json\/wp\/v2\/users\/1"}],"replies":[{"embeddable":true,"href":"https:\/\/www.tonisson.ee\/niidupargi\/wp-json\/wp\/v2\/comments?post=78"}],"version-history":[{"count":65,"href":"https:\/\/www.tonisson.ee\/niidupargi\/wp-json\/wp\/v2\/pages\/78\/revisions"}],"predecessor-version":[{"id":1318,"href":"https:\/\/www.tonisson.ee\/niidupargi\/wp-json\/wp\/v2\/pages\/78\/revisions\/1318"}],"wp:attachment":[{"href":"https:\/\/www.tonisson.ee\/niidupargi\/wp-json\/wp\/v2\/media?parent=78"}],"curies":[{"name":"wp","href":"https:\/\/api.w.org\/{rel}","templated":true}]}}