{"id":20,"date":"2015-10-19T08:06:44","date_gmt":"2015-10-19T08:06:44","guid":{"rendered":"http:\/\/www.tonisson.ee\/tui6\/?page_id=20"},"modified":"2023-10-31T07:31:01","modified_gmt":"2023-10-31T07:31:01","slug":"hinnad-plaanid","status":"publish","type":"page","link":"https:\/\/www.tonisson.ee\/niidupargi\/hinnad-plaanid\/","title":{"rendered":"Hinnad, plaanid"},"content":{"rendered":"<section class=\"fw-main-row \">\n<div class=\"fw-container\">\n<div class=\"fw-row\">\n<div class=\"fw-col-xs-12\">\n<div class=\"fw-table\">\n<table>\n<thead>\n<tr class=\"heading-row\">\n<th class=\"default-col\">\n\t\t\t\t\t\t\t\t\t\t\t\t\t\tKrt nr\t\t\t\t\t\t\t\t\t\t\t\t\t\t\t\t\t<\/th>\n<th class=\"default-col\">\n\t\t\t\t\t\t\t\t\t\t\t\t\t\tKrt \u00fcldpind m\u00b2\t\t\t\t\t\t\t\t\t\t\t\t\t\t\t\t<\/th>\n<th class=\"default-col\">\n\t\t\t\t\t\t\t\t\t\t\t\t\t\tTube\t\t\t\t\t\t\t\t\t\t\t\t\t\t\t\t\t<\/th>\n<th class=\"default-col\">\n\t\t\t\t\t\t\t\t\t\t\t\t\t\tR\u00f5du \/ Terrass m\u00b2\t\t\t\t\t\t\t\t\t\t\t\t\t\t\t\t<\/th>\n<th class=\"default-col\">\n\t\t\t\t\t\t\t\tPind kokku m\u00b2\t\t\t\t\t\t\t\t<\/th>\n<th class=\"default-col\">\n\t\t\t\t\t\t\t\tHind \t\t\t\t\t\t\t<\/th>\n<\/tr>\n<\/thead>\n<tr class=\"default-row\">\n<td class=\"default-col\">\n\t\t\t\t\t\t\t1. KORRUS\t\t\t\t\t\t\t\t\t\t<\/td>\n<td class=\"default-col\">\n\t\t\t\t\t\t\t\t\t\t\t\t\t\t\t\t\t<\/td>\n<td class=\"default-col\">\n\t\t\t\t\t\t\t\t\t\t\t\t\t\t\t\t\t<\/td>\n<td class=\"default-col\">\n\t\t\t\t\t\t\t\t\t\t\t\t\t\t\t\t\t<\/td>\n<td class=\"default-col\">\n\t\t\t\t\t\t\t\t\t\t\t\t\t\t\t\t\t<\/td>\n<td class=\"default-col\">\n\t\t\t\t\t\t\t\t\t\t\t\t\t<\/td>\n<\/tr>\n<tr class=\"default-row\">\n<td class=\"default-col\">\n\t\t\t\t\t\t\t1\t\t\t\t\t\t\t\t\t\t\t<\/td>\n<td class=\"default-col\">\n\t\t\t\t\t\t\t53,0\t m\u00b2\t\t\t\t\t\t\t\t\t\t\t<\/td>\n<td class=\"default-col\">\n\t\t\t\t\t\t\t3\t\t\t\t\t\t\t\t\t\t\t\t\t<\/td>\n<td class=\"default-col\">\n\t\t\t\t\t\t\t10,2  m\u00b2\t\t\t\t\t\t<\/td>\n<td class=\"default-col\">\n\t\t\t\t\t\t\t63,2  m\u00b2\t\t\t\t\t\t<\/td>\n<td class=\"default-col\">\n\t\t\t\t\t\t\tM\u00fc\u00fcdud\t\t\t\t\t\t<\/td>\n<\/tr>\n<tr class=\"default-row\">\n<td class=\"default-col\">\n\t\t\t\t\t\t\t\t\t\t\t\t\t2\t\t\t\t\t\t\t\t\t\t\t\t\t\t\t\t<\/td>\n<td class=\"default-col\">\n\t\t\t\t\t\t\t32,9  m\u00b2 \t\t\t\t\t\t<\/td>\n<td class=\"default-col\">\n\t\t\t\t\t\t\t1\t\t\t\t\t\t\t\t\t<\/td>\n<td class=\"default-col\">\n\t\t\t\t\t\t\t14,0  m\u00b2\t\t\t\t\t\t<\/td>\n<td class=\"default-col\">\n\t\t\t\t\t\t\t46,9  m\u00b2\t\t\t\t\t\t<\/td>\n<td class=\"default-col\">\n\t\t\t\t\t\t\tM\u00fc\u00fcdud\t\t\t\t\t\t<\/td>\n<\/tr>\n<tr class=\"default-row\">\n<td class=\"default-col\">\n\t\t\t\t\t\t\t3\t\t\t\t\t\t\t\t\t\t\t\t<\/td>\n<td class=\"default-col\">\n\t\t\t\t\t\t\t47,4  m\u00b2\t\t\t\t\t\t<\/td>\n<td class=\"default-col\">\n\t\t\t\t\t\t\t2\t\t\t\t\t\t\t\t\t\t\t\t<\/td>\n<td class=\"default-col\">\n\t\t\t\t\t\t\t10,2  m\u00b2\t\t\t\t\t\t<\/td>\n<td class=\"default-col\">\n\t\t\t\t\t\t\t57,6  m\u00b2\t\t\t\t\t\t<\/td>\n<td class=\"default-col\">\n\t\t\t\t\t\t\tM\u00fc\u00fcdud\t\t\t\t\t\t<\/td>\n<\/tr>\n<tr class=\"default-row\">\n<td class=\"default-col\">\n\t\t\t\t\t\t\t4\t\t\t\t\t\t\t<\/td>\n<td class=\"default-col\">\n\t\t\t\t\t\t\t39,7 m\u00b2\t\t\t\t\t\t\t\t<\/td>\n<td class=\"default-col\">\n\t\t\t\t\t\t\t2\t\t\t\t\t\t\t\t\t\t\t\t\t\t\t<\/td>\n<td class=\"default-col\">\n\t\t\t\t\t\t\t10,2 m\u00b2\t\t\t\t\t\t<\/td>\n<td class=\"default-col\">\n\t\t\t\t\t\t\t49,9  m\u00b2\t\t\t\t\t\t<\/td>\n<td class=\"default-col\">\n\t\t\t\t\t\t\tM\u00fc\u00fcdud\n\t\t\t\t\t\t<\/td>\n<\/tr>\n<tr class=\"default-row\">\n<td class=\"default-col\">\n\t\t\t\t\t\t\t2. KORRUS\t\t\t\t\t\t\t<\/td>\n<td class=\"default-col\">\n\t\t\t\t\t\t\t\t\t\t\t\t\t<\/td>\n<td class=\"default-col\">\n\t\t\t\t\t\t\t\t\t\t\t\t\t\t\t\t\t<\/td>\n<td class=\"default-col\">\n\t\t\t\t\t\t\t\t\t\t\t\t\t\t\t\t<\/td>\n<td class=\"default-col\">\n\t\t\t\t\t\t\t\t\t\t\t\t\t<\/td>\n<td class=\"default-col\">\n\t\t\t\t\t\t\t\t\t\t\t\t\t<\/td>\n<\/tr>\n<tr class=\"default-row\">\n<td class=\"default-col\">\n\t\t\t\t\t\t\t5\t\t\t\t\t\t<\/td>\n<td class=\"default-col\">\n\t\t\t\t\t\t\t48,6  m\u00b2\t\t\t\t\t\t<\/td>\n<td class=\"default-col\">\n\t\t\t\t\t\t\t2\t\t\t\t\t\t<\/td>\n<td class=\"default-col\">\n\t\t\t\t\t\t\t4,0  m\u00b2\t\t\t\t\t\t<\/td>\n<td class=\"default-col\">\n\t\t\t\t\t\t\t52,6  m\u00b2\t\t\t\t\t\t<\/td>\n<td class=\"default-col\">\n\t\t\t\t\t\t\tM\u00fc\u00fcdud\t\t\t\t\t\t<\/td>\n<\/tr>\n<tr class=\"default-row\">\n<td class=\"default-col\">\n\t\t\t\t\t\t\t6\t\t\t\t\t\t\t\t\t\t\t\t\t\t\t\t<\/td>\n<td class=\"default-col\">\n\t\t\t\t\t\t\t68,8  m\u00b2\t\t\t\t\t\t<\/td>\n<td class=\"default-col\">\n\t\t\t\t\t\t\t3\t\t\t\t\t\t\t\t\t\t\t\t\t\t<\/td>\n<td class=\"default-col\">\n\t\t\t\t\t\t\t4,0  m\u00b2\t\t\t\t\t\t<\/td>\n<td class=\"default-col\">\n\t\t\t\t\t\t\t72,8 m\u00b2\t\t\t\t\t\t<\/td>\n<td class=\"default-col\">\n\t\t\t\t\t\t\t171 500 \u20ac\t\t\t\t\t\t<\/td>\n<\/tr>\n<tr class=\"default-row\">\n<td class=\"default-col\">\n\t\t\t\t\t\t\t7\t\t\t\t\t\t<\/td>\n<td class=\"default-col\">\n\t\t\t\t\t\t\t78,0  m\u00b2\t\t\t\t\t\t<\/td>\n<td class=\"default-col\">\n\t\t\t\t\t\t\t4\t\t\t\t\t\t\t\t\t\t<\/td>\n<td class=\"default-col\">\n\t\t\t\t\t\t\t4,0  m\u00b2\t\t\t\t\t\t<\/td>\n<td class=\"default-col\">\n\t\t\t\t\t\t\t82,0  m\u00b2\t\t\t\t\t\t<\/td>\n<td class=\"default-col\">\n\t\t\t\t\t\t\tM\u00fc\u00fcdud\t\t\t\t\t\t<\/td>\n<\/tr>\n<tr class=\"default-row\">\n<td class=\"default-col\">\n\t\t\t\t\t\t\t8\t\t\t\t\t\t<\/td>\n<td class=\"default-col\">\n\t\t\t\t\t\t\t47,5  m\u00b2\t\t\t\t\t\t<\/td>\n<td class=\"default-col\">\n\t\t\t\t\t\t\t2\t\t\t\t\t\t<\/td>\n<td class=\"default-col\">\n\t\t\t\t\t\t\t4,0  m\u00b2\t\t\t\t\t\t<\/td>\n<td class=\"default-col\">\n\t\t\t\t\t\t\t51,5  m\u00b2\t\t\t\t\t\t<\/td>\n<td class=\"default-col\">\n\t\t\t\t\t\t\tM\u00fc\u00fcdud\t\t\t\t\t\t<\/td>\n<\/tr>\n<tr class=\"default-row\">\n<td class=\"default-col\">\n\t\t\t\t\t\t\t9\t\t\t\t\t\t<\/td>\n<td class=\"default-col\">\n\t\t\t\t\t\t\t58,8  m\u00b2\t\t\t\t\t\t<\/td>\n<td class=\"default-col\">\n\t\t\t\t\t\t\t3\t\t\t\t\t\t<\/td>\n<td class=\"default-col\">\n\t\t\t\t\t\t\t4,0  m\u00b2\t\t\t\t\t\t<\/td>\n<td class=\"default-col\">\n\t\t\t\t\t\t\t62,8  m\u00b2\t\t\t\t\t\t<\/td>\n<td class=\"default-col\">\n\t\t\t\t\t\t\tM\u00fc\u00fcdud\t\t\t\t\t\t<\/td>\n<\/tr>\n<tr class=\"default-row\">\n<td class=\"default-col\">\n\t\t\t\t\t\t\t3. KORRUS\t\t\t\t\t\t<\/td>\n<td class=\"default-col\">\n\t\t\t\t\t\t\t\t\t\t\t\t\t<\/td>\n<td class=\"default-col\">\n\t\t\t\t\t\t\t\t\t\t\t\t\t<\/td>\n<td class=\"default-col\">\n\t\t\t\t\t\t\t\t\t\t\t\t\t<\/td>\n<td class=\"default-col\">\n\t\t\t\t\t\t\t\t\t\t\t\t\t<\/td>\n<td class=\"default-col\">\n\t\t\t\t\t\t\t\t\t\t\t\t\t<\/td>\n<\/tr>\n<tr class=\"default-row\">\n<td class=\"default-col\">\n\t\t\t\t\t\t\t10\t\t\t\t\t\t<\/td>\n<td class=\"default-col\">\n\t\t\t\t\t\t\t48,6  m\u00b2\t\t\t\t\t\t<\/td>\n<td class=\"default-col\">\n\t\t\t\t\t\t\t2\t\t\t\t\t\t<\/td>\n<td class=\"default-col\">\n\t\t\t\t\t\t\t4,0  m\u00b2\n\t\t\t\t\t\t<\/td>\n<td class=\"default-col\">\n\t\t\t\t\t\t\t52,6  m\u00b2\t\t\t\t\t\t<\/td>\n<td class=\"default-col\">\n\t\t\t\t\t\t\tM\u00fc\u00fcdud\t\t\t\t\t\t<\/td>\n<\/tr>\n<tr class=\"default-row\">\n<td class=\"default-col\">\n\t\t\t\t\t\t\t11\t\t\t\t\t\t<\/td>\n<td class=\"default-col\">\n\t\t\t\t\t\t\t68,8  m\u00b2\t\t\t\t\t\t<\/td>\n<td class=\"default-col\">\n\t\t\t\t\t\t\t3\t\t\t\t\t\t<\/td>\n<td class=\"default-col\">\n\t\t\t\t\t\t\t4,0  m\u00b2\t\t\t\t\t\t<\/td>\n<td class=\"default-col\">\n\t\t\t\t\t\t\t72,8  m\u00b2\t\t\t\t\t\t<\/td>\n<td class=\"default-col\">\n\t\t\t\t\t\t\t174 000 \u20ac\t\t\t\t\t\t<\/td>\n<\/tr>\n<tr class=\"default-row\">\n<td class=\"default-col\">\n\t\t\t\t\t\t\t12\t\t\t\t\t\t<\/td>\n<td class=\"default-col\">\n\t\t\t\t\t\t\t77,8  m\u00b2\t\t\t\t\t\t<\/td>\n<td class=\"default-col\">\n\t\t\t\t\t\t\t4\t\t\t\t\t\t<\/td>\n<td class=\"default-col\">\n\t\t\t\t\t\t\t4,0  m\u00b2\t\t\t\t\t\t<\/td>\n<td class=\"default-col\">\n\t\t\t\t\t\t\t81,8  m\u00b2\t\t\t\t\t\t<\/td>\n<td class=\"default-col\">\n\t\t\t\t\t\t\tM\u00fc\u00fcdud\t\t\t\t\t\t<\/td>\n<\/tr>\n<tr class=\"default-row\">\n<td class=\"default-col\">\n\t\t\t\t\t\t\t13\t\t\t\t\t\t<\/td>\n<td class=\"default-col\">\n\t\t\t\t\t\t\t47,5  m\u00b2\t\t\t\t\t\t<\/td>\n<td class=\"default-col\">\n\t\t\t\t\t\t\t2\t\t\t\t\t\t<\/td>\n<td class=\"default-col\">\n\t\t\t\t\t\t\t4,0  m\u00b2\t\t\t\t\t\t<\/td>\n<td class=\"default-col\">\n\t\t\t\t\t\t\t51,5  m\u00b2\t\t\t\t\t\t<\/td>\n<td class=\"default-col\">\n\t\t\t\t\t\t\tM\u00fc\u00fcdud\t\t\t\t\t\t<\/td>\n<\/tr>\n<tr class=\"default-row\">\n<td class=\"default-col\">\n\t\t\t\t\t\t\t14\t\t\t\t\t\t<\/td>\n<td class=\"default-col\">\n\t\t\t\t\t\t\t58,8  m\u00b2\t\t\t\t\t\t<\/td>\n<td class=\"default-col\">\n\t\t\t\t\t\t\t3\t\t\t\t\t\t<\/td>\n<td class=\"default-col\">\n\t\t\t\t\t\t\t4,0  m\u00b2\t\t\t\t\t\t<\/td>\n<td class=\"default-col\">\n\t\t\t\t\t\t\t62,8  m\u00b2\t\t\t\t\t\t<\/td>\n<td class=\"default-col\">\n\t\t\t\t\t\t\t149 500 \u20ac\n\t\t\t\t\t\t<\/td>\n<\/tr>\n<tr class=\"default-row\">\n<td class=\"default-col\">\n\t\t\t\t\t\t\t4. KORRUS\t\t\t\t\t\t<\/td>\n<td class=\"default-col\">\n\t\t\t\t\t\t\t\t\t\t\t\t\t<\/td>\n<td class=\"default-col\">\n\t\t\t\t\t\t\t\t\t\t\t\t\t<\/td>\n<td class=\"default-col\">\n\t\t\t\t\t\t\t\t\t\t\t\t\t<\/td>\n<td class=\"default-col\">\n\t\t\t\t\t\t\t\t\t\t\t\t\t<\/td>\n<td class=\"default-col\">\n\t\t\t\t\t\t\t\t\t\t\t\t\t<\/td>\n<\/tr>\n<tr class=\"default-row\">\n<td class=\"default-col\">\n\t\t\t\t\t\t\t15\t\t\t\t\t\t<\/td>\n<td class=\"default-col\">\n\t\t\t\t\t\t\t48,6  m\u00b2\t\t\t\t\t\t<\/td>\n<td class=\"default-col\">\n\t\t\t\t\t\t\t2\t\t\t\t\t\t<\/td>\n<td class=\"default-col\">\n\t\t\t\t\t\t\t4,0  m\u00b2\t\t\t\t\t\t<\/td>\n<td class=\"default-col\">\n\t\t\t\t\t\t\t52,6  m\u00b2\t\t\t\t\t\t<\/td>\n<td class=\"default-col\">\n\t\t\t\t\t\t\tM\u00fc\u00fcdud\t\t\t\t\t\t<\/td>\n<\/tr>\n<tr class=\"default-row\">\n<td class=\"default-col\">\n\t\t\t\t\t\t\t16\t\t\t\t\t\t<\/td>\n<td class=\"default-col\">\n\t\t\t\t\t\t\t68,8  m\u00b2\t\t\t\t\t\t<\/td>\n<td class=\"default-col\">\n\t\t\t\t\t\t\t3\t\t\t\t\t\t<\/td>\n<td class=\"default-col\">\n\t\t\t\t\t\t\t4,0  m\u00b2\t\t\t\t\t\t<\/td>\n<td class=\"default-col\">\n\t\t\t\t\t\t\t72,8 m\u00b2\t\t\t\t\t\t<\/td>\n<td class=\"default-col\">\n\t\t\t\t\t\t\tM\u00fc\u00fcdud\t\t\t\t\t\t<\/td>\n<\/tr>\n<tr class=\"default-row\">\n<td class=\"default-col\">\n\t\t\t\t\t\t\t17\t\t\t\t\t\t<\/td>\n<td class=\"default-col\">\n\t\t\t\t\t\t\t63,8  m\u00b2\t\t\t\t\t\t<\/td>\n<td class=\"default-col\">\n\t\t\t\t\t\t\t3\t\t\t\t\t\t<\/td>\n<td class=\"default-col\">\n\t\t\t\t\t\t\t4,0  m\u00b2\t\t\t\t\t\t<\/td>\n<td class=\"default-col\">\n\t\t\t\t\t\t\t67,8  m\u00b2\t\t\t\t\t\t<\/td>\n<td class=\"default-col\">\n\t\t\t\t\t\t\t165 000 \u20ac\t\t\t\t\t\t<\/td>\n<\/tr>\n<tr class=\"default-row\">\n<td class=\"default-col\">\n\t\t\t\t\t\t\t18\t\t\t\t\t\t<\/td>\n<td class=\"default-col\">\n\t\t\t\t\t\t\t58,4  m\u00b2\t\t\t\t\t\t<\/td>\n<td class=\"default-col\">\n\t\t\t\t\t\t\t3\t\t\t\t\t\t<\/td>\n<td class=\"default-col\">\n\t\t\t\t\t\t\t4,0  m\u00b2\t\t\t\t\t\t<\/td>\n<td class=\"default-col\">\n\t\t\t\t\t\t\t62,4  m\u00b2\t\t\t\t\t\t<\/td>\n<td class=\"default-col\">\n\t\t\t\t\t\t\tBroneeritud\t\t\t\t\t\t<\/td>\n<\/tr>\n<tr class=\"default-row\">\n<td class=\"default-col\">\n\t\t\t\t\t\t\t19\t\t\t\t\t\t<\/td>\n<td class=\"default-col\">\n\t\t\t\t\t\t\t58,8  m\u00b2\t\t\t\t\t\t<\/td>\n<td class=\"default-col\">\n\t\t\t\t\t\t\t3\t\t\t\t\t\t<\/td>\n<td class=\"default-col\">\n\t\t\t\t\t\t\t4,0  m\u00b2\t\t\t\t\t\t<\/td>\n<td class=\"default-col\">\n\t\t\t\t\t\t\t62,8  m\u00b2\t\t\t\t\t\t<\/td>\n<td class=\"default-col\">\n\t\t\t\t\t\t\t152 000 \u20ac\t\t\t\t\t\t<\/td>\n<\/tr>\n<tr class=\"default-row\">\n<td class=\"default-col\">\n\t\t\t\t\t\t\t5. KORRUS\t\t\t\t\t\t<\/td>\n<td class=\"default-col\">\n\t\t\t\t\t\t\t\t\t\t\t\t\t<\/td>\n<td class=\"default-col\">\n\t\t\t\t\t\t\t\t\t\t\t\t\t<\/td>\n<td class=\"default-col\">\n\t\t\t\t\t\t\t\t\t\t\t\t\t<\/td>\n<td class=\"default-col\">\n\t\t\t\t\t\t\t\t\t\t\t\t\t<\/td>\n<td class=\"default-col\">\n\t\t\t\t\t\t\t\t\t\t\t\t\t<\/td>\n<\/tr>\n<tr class=\"default-row\">\n<td class=\"default-col\">\n\t\t\t\t\t\t\t20\t\t\t\t\t\t<\/td>\n<td class=\"default-col\">\n\t\t\t\t\t\t\t48,6  m\u00b2\t\t\t\t\t\t<\/td>\n<td class=\"default-col\">\n\t\t\t\t\t\t\t2\t\t\t\t\t\t<\/td>\n<td class=\"default-col\">\n\t\t\t\t\t\t\t4,0  m\u00b2\t\t\t\t\t\t<\/td>\n<td class=\"default-col\">\n\t\t\t\t\t\t\t52,6  m\u00b2\t\t\t\t\t\t<\/td>\n<td class=\"default-col\">\n\t\t\t\t\t\t\tM\u00fc\u00fcdud\t\t\t\t\t\t<\/td>\n<\/tr>\n<tr class=\"default-row\">\n<td class=\"default-col\">\n\t\t\t\t\t\t\t21\t\t\t\t\t\t<\/td>\n<td class=\"default-col\">\n\t\t\t\t\t\t\t68,8  m\u00b2\t\t\t\t\t\t<\/td>\n<td class=\"default-col\">\n\t\t\t\t\t\t\t3\t\t\t\t\t\t<\/td>\n<td class=\"default-col\">\n\t\t\t\t\t\t\t4,0  m\u00b2\t\t\t\t\t\t<\/td>\n<td class=\"default-col\">\n\t\t\t\t\t\t\t72,8  m\u00b2\t\t\t\t\t\t<\/td>\n<td class=\"default-col\">\n\t\t\t\t\t\t\tM\u00fc\u00fcdud\t\t\t\t\t\t<\/td>\n<\/tr>\n<tr class=\"default-row\">\n<td class=\"default-col\">\n\t\t\t\t\t\t\t22\t\t\t\t\t\t<\/td>\n<td class=\"default-col\">\n\t\t\t\t\t\t\t63,8  m\u00b2\t\t\t\t\t\t<\/td>\n<td class=\"default-col\">\n\t\t\t\t\t\t\t3\t\t\t\t\t\t<\/td>\n<td class=\"default-col\">\n\t\t\t\t\t\t\t4,0  m\u00b2\t\t\t\t\t\t<\/td>\n<td class=\"default-col\">\n\t\t\t\t\t\t\t67,8  m\u00b2\t\t\t\t\t\t<\/td>\n<td class=\"default-col\">\n\t\t\t\t\t\t\t169 000 \u20ac\t\t\t\t\t\t<\/td>\n<\/tr>\n<tr class=\"default-row\">\n<td class=\"default-col\">\n\t\t\t\t\t\t\t23\t\t\t\t\t\t<\/td>\n<td class=\"default-col\">\n\t\t\t\t\t\t\t58,4 m\u00b2\t\t\t\t\t\t<\/td>\n<td class=\"default-col\">\n\t\t\t\t\t\t\t3\t\t\t\t\t\t<\/td>\n<td class=\"default-col\">\n\t\t\t\t\t\t\t4,0  m\u00b2\t\t\t\t\t\t<\/td>\n<td class=\"default-col\">\n\t\t\t\t\t\t\t62,4  m\u00b2\t\t\t\t\t\t<\/td>\n<td class=\"default-col\">\n\t\t\t\t\t\t\tM\u00fc\u00fcdud\t\t\t\t\t\t<\/td>\n<\/tr>\n<tr class=\"default-row\">\n<td class=\"default-col\">\n\t\t\t\t\t\t\t24\t\t\t\t\t\t<\/td>\n<td class=\"default-col\">\n\t\t\t\t\t\t\t58,8  m\u00b2\t\t\t\t\t\t<\/td>\n<td class=\"default-col\">\n\t\t\t\t\t\t\t3\t\t\t\t\t\t<\/td>\n<td class=\"default-col\">\n\t\t\t\t\t\t\t4,0  m\u00b2\t\t\t\t\t\t<\/td>\n<td class=\"default-col\">\n\t\t\t\t\t\t\t62,8  m\u00b2\t\t\t\t\t\t<\/td>\n<td class=\"default-col\">\n\t\t\t\t\t\t\t154 000 \u20ac\t\t\t\t\t\t<\/td>\n<\/tr>\n<\/table>\n<\/div>\n<\/div>\n<\/div>\n<div class=\"fw-row\">\n<div class=\"fw-col-xs-12\">\n<p><!--nextpage--><\/p>\n<\/div>\n<\/div>\n<div class=\"fw-row\">\n<div class=\"fw-col-xs-12\">\n<h4 class=\"flex items-center mt-10 mr-20\"><span class=\"inline-block ml-10\">Autokoht parklas maksab 3500 \u20ac\u00a0 \u00a0 \u00a0 \u00a0 \u00a0 \u00a0 \u00a0 \u00a0 \u00a0 \u00a0 \u00a0<\/span><span class=\"inline-block ml-10\">Panipaik 900 \u20ac\/ruutmeeter<\/span><\/h4>\n<\/div>\n<\/div>\n<div class=\"fw-row\">\n<div class=\"fw-col-xs-12 fw-col-sm-6\">\n<h4 class=\"font-body uppercase text-brown-300 text-sm font-medium tracking-wide block text-left\">KORTERI HINNAS SISALDUB:<\/h4>\n<div class=\"body-text body-text--sm\">\n<ul>\n<li>korterelamu valmisehitamine vastavalt projektile<\/li>\n<li>tehnov\u00f5rkude rajamine (elekter, vesi ja kanalisatsioon, side) ja nendega liitumine (v.a korterisisene TV- ja sideteenus)<\/li>\n<li>korteri siseviimistlus ja santehnika vastavalt valitud paketile<\/li>\n<li>projektij\u00e4rgsed rajatised (\u00f5ueala, platsid\/teed jms) ja haljastus<\/li>\n<li>k\u00e4ibemaks<\/li>\n<\/ul>\n<\/div>\n<\/div>\n<div class=\"fw-col-xs-12 fw-col-sm-6\">\n<h4 class=\"font-body uppercase text-brown-300 text-sm font-medium tracking-wide block text-left\">KORTERITE HINNAS EI SISALDU:<\/h4>\n<div class=\"body-text body-text--sm\">\n<ul>\n<li>parkimiskoht (erikasutus\u00f5igus)<\/li>\n<li>panipaik (erikasutus\u00f5igus)<\/li>\n<li>sauna ja vanni juurdeehitus (vastava v\u00f5imaluse olemasolul lisatasu eest)<\/li>\n<li>m\u00fc\u00fcgilepingu s\u00f5lmimisega seotud notaritasu ja riigil\u00f5iv<\/li>\n<li>andmeside, kaabeltelevisiooni, telefoni jms liitumistasud<\/li>\n<\/ul>\n<\/div>\n<\/div>\n<\/div>\n<div class=\"fw-row\">\n<div class=\"fw-col-xs-12\">\n<p><!--nextpage--><\/p>\n<\/div>\n<\/div>\n<div class=\"fw-row\">\n<div class=\"fw-col-xs-12\">\n<p><!--nextpage--><\/p>\n<p><img decoding=\"async\" src=\"\/\/www.tonisson.ee\/niidupargi\/wp-content\/uploads\/sites\/18\/2022\/06\/1.korrus.jpg\" alt=\"\/\/www.tonisson.ee\/niidupargi\/wp-content\/uploads\/sites\/18\/2022\/06\/1.korrus.jpg\" width=\"1200\" \/><\/div>\n<\/div>\n<div class=\"fw-row\">\n<div class=\"fw-col-xs-12\">\n<p><!--nextpage--><\/p>\n<p><img decoding=\"async\" src=\"\/\/www.tonisson.ee\/niidupargi\/wp-content\/uploads\/sites\/18\/2022\/06\/2.korrus.jpg\" alt=\"\/\/www.tonisson.ee\/niidupargi\/wp-content\/uploads\/sites\/18\/2022\/06\/2.korrus.jpg\" width=\"1200\" \/><\/div>\n<\/div>\n<div class=\"fw-row\">\n<div class=\"fw-col-xs-12\">\n<p><!--nextpage--><\/p>\n<p><img decoding=\"async\" src=\"\/\/www.tonisson.ee\/niidupargi\/wp-content\/uploads\/sites\/18\/2022\/06\/3.korrus.jpg\" alt=\"\/\/www.tonisson.ee\/niidupargi\/wp-content\/uploads\/sites\/18\/2022\/06\/3.korrus.jpg\" width=\"1200\" \/><\/div>\n<\/div>\n<div class=\"fw-row\">\n<div class=\"fw-col-xs-12\">\n<p><!--nextpage--><\/p>\n<p><img decoding=\"async\" src=\"\/\/www.tonisson.ee\/niidupargi\/wp-content\/uploads\/sites\/18\/2022\/06\/4.korrus.jpg\" alt=\"\/\/www.tonisson.ee\/niidupargi\/wp-content\/uploads\/sites\/18\/2022\/06\/4.korrus.jpg\" width=\"1200\" \/><\/div>\n<\/div>\n<div class=\"fw-row\">\n<div class=\"fw-col-xs-12\">\n<p><!--nextpage--><\/p>\n<p><img decoding=\"async\" src=\"\/\/www.tonisson.ee\/niidupargi\/wp-content\/uploads\/sites\/18\/2022\/06\/5.korrus.jpg\" alt=\"\/\/www.tonisson.ee\/niidupargi\/wp-content\/uploads\/sites\/18\/2022\/06\/5.korrus.jpg\" width=\"1200\" \/><\/p>\n<p><!--nextpage--><\/p>\n<\/div>\n<\/div><\/div>\n<\/section>\n<p><!-- 8a92a8e9c02e7fc5115c36c130b56cb2 --><\/p>\n","protected":false},"excerpt":{"rendered":"<p>Krt nr Krt \u00fcldpind m\u00b2 Tube R\u00f5du \/ Terrass m\u00b2 Pind kokku m\u00b2 Hind 1. KORRUS 1 53,0 m\u00b2 3 10,2 m\u00b2 63,2 m\u00b2 M\u00fc\u00fcdud 2 32,9 m\u00b2 1 14,0 m\u00b2 46,9 m\u00b2 M\u00fc\u00fcdud 3 47,4 m\u00b2 2 10,2 m\u00b2 57,6 m\u00b2 M\u00fc\u00fcdud 4 39,7 m\u00b2 2 10,2 m\u00b2 49,9 m\u00b2 M\u00fc\u00fcdud 2. KORRUS 5 [&hellip;]<\/p>\n","protected":false},"author":1,"featured_media":0,"parent":0,"menu_order":0,"comment_status":"closed","ping_status":"closed","template":"","meta":{"_acf_changed":false,"footnotes":"","_links_to":"","_links_to_target":""},"class_list":["post-20","page","type-page","status-publish","hentry"],"acf":[],"_links":{"self":[{"href":"https:\/\/www.tonisson.ee\/niidupargi\/wp-json\/wp\/v2\/pages\/20","targetHints":{"allow":["GET"]}}],"collection":[{"href":"https:\/\/www.tonisson.ee\/niidupargi\/wp-json\/wp\/v2\/pages"}],"about":[{"href":"https:\/\/www.tonisson.ee\/niidupargi\/wp-json\/wp\/v2\/types\/page"}],"author":[{"embeddable":true,"href":"https:\/\/www.tonisson.ee\/niidupargi\/wp-json\/wp\/v2\/users\/1"}],"replies":[{"embeddable":true,"href":"https:\/\/www.tonisson.ee\/niidupargi\/wp-json\/wp\/v2\/comments?post=20"}],"version-history":[{"count":193,"href":"https:\/\/www.tonisson.ee\/niidupargi\/wp-json\/wp\/v2\/pages\/20\/revisions"}],"predecessor-version":[{"id":1707,"href":"https:\/\/www.tonisson.ee\/niidupargi\/wp-json\/wp\/v2\/pages\/20\/revisions\/1707"}],"wp:attachment":[{"href":"https:\/\/www.tonisson.ee\/niidupargi\/wp-json\/wp\/v2\/media?parent=20"}],"curies":[{"name":"wp","href":"https:\/\/api.w.org\/{rel}","templated":true}]}}