{"id":8,"date":"2015-10-19T07:48:07","date_gmt":"2015-10-19T07:48:07","guid":{"rendered":"http:\/\/www.tonisson.ee\/tui6\/?page_id=8"},"modified":"2020-09-03T13:07:52","modified_gmt":"2020-09-03T13:07:52","slug":"tutvustus","status":"publish","type":"page","link":"https:\/\/www.tonisson.ee\/mai105\/tutvustus\/","title":{"rendered":"Tutvustus"},"content":{"rendered":"<h2>P\u00c4RNU K\u00d5RGEIM ELAMU ARMASTATUD ELURAJOONIS<\/h2>\n<div class=\"uk-flex-middle uk-margin-remove-vertical uk-grid uk-grid-stack\">\n<div class=\"uk-width-1-1@m uk-first-column\">\n<div class=\"uk-flex-middle uk-margin-remove-vertical uk-grid uk-grid-stack\">\n<div class=\"uk-width-1-1@m uk-first-column\">\n<p>P\u00e4rnus Mai elurajoonis asub uus, modernne ja P\u00e4rnu k\u00f5rgeim korterelamu, millelt avanevad suurep\u00e4rased vaated merele.<\/p>\n<p>MAI 105 on paneelelamu, mille tehnoloogia tagab v\u00e4ga hea soojapidavuse ning m\u00fcra isolatsiooni. Maja fassaad on viimistletud tehasev\u00e4rviga, mis tagab pikaajalise kestvuse. T\u00e4nap\u00e4eva arhitektuuri sobivalt t\u00e4iendavad paneelelamut klaaspiiretega r\u00f5dud. Elamu \u00f5uealal on h\u00e4sti l\u00e4bim\u00f5eldud parkla, haljastus, k\u00f5nniteed ja laste m\u00e4nguv\u00e4ljak.<\/p>\n<p>10 korruselisena on MAI 105 P\u00e4rnu k\u00f5rgeim korterelamu. Korruste vahel mugava liikumise tagab KONE kiire, 1,6 meetrit sekundis liikuv lift. Kokku on valikus 41 erinevat korterit, mille seast leiad sinagi endale sobiva kodu. Piirkonna rohelust ja loodusl\u00e4hedust v\u00f5imaldab nautida igas korteris olev r\u00f5du. K\u00f5igi korterite juurde kuulub mugav panipaik ja isiklik parkimiskoht.<\/p>\n<p>Elamu energiaklass on\u00a0<strong>C<\/strong>.<\/p>\n<\/div>\n<\/div>\n<\/div>\n<\/div>\n<h3>Tule oma uut kodu vaatama!<\/h3>\n<figure id=\"attachment_1015\" aria-describedby=\"caption-attachment-1015\" style=\"width: 300px\" class=\"wp-caption aligncenter\"><a href=\"https:\/\/youtu.be\/5LgapQQiFsw\"><img loading=\"lazy\" decoding=\"async\" class=\"wp-image-1015 size-medium\" src=\"https:\/\/www.tonisson.ee\/mai105\/wp-content\/uploads\/sites\/14\/2015\/10\/untitled-07673-2-300x169.jpg\" alt=\"untitled-07673-2\" width=\"300\" height=\"169\" srcset=\"https:\/\/www.tonisson.ee\/mai105\/wp-content\/uploads\/sites\/14\/2015\/10\/untitled-07673-2-300x169.jpg 300w, https:\/\/www.tonisson.ee\/mai105\/wp-content\/uploads\/sites\/14\/2015\/10\/untitled-07673-2-768x432.jpg 768w, https:\/\/www.tonisson.ee\/mai105\/wp-content\/uploads\/sites\/14\/2015\/10\/untitled-07673-2-1024x576.jpg 1024w, https:\/\/www.tonisson.ee\/mai105\/wp-content\/uploads\/sites\/14\/2015\/10\/untitled-07673-2.jpg 1920w\" sizes=\"auto, (max-width: 300px) 100vw, 300px\" \/><\/a><figcaption id=\"caption-attachment-1015\" class=\"wp-caption-text\">Vajuta, et n\u00e4ha videot!<\/figcaption><\/figure>\n","protected":false},"excerpt":{"rendered":"<p>P\u00c4RNU K\u00d5RGEIM ELAMU ARMASTATUD ELURAJOONIS P\u00e4rnus Mai elurajoonis asub uus, modernne ja P\u00e4rnu k\u00f5rgeim korterelamu, millelt avanevad suurep\u00e4rased vaated merele. MAI 105 on paneelelamu, mille tehnoloogia tagab v\u00e4ga hea soojapidavuse ning m\u00fcra isolatsiooni. Maja fassaad on viimistletud tehasev\u00e4rviga, mis tagab pikaajalise kestvuse. T\u00e4nap\u00e4eva arhitektuuri sobivalt t\u00e4iendavad paneelelamut klaaspiiretega r\u00f5dud. Elamu \u00f5uealal on h\u00e4sti l\u00e4bim\u00f5eldud parkla, [&hellip;]<\/p>\n","protected":false},"author":1,"featured_media":0,"parent":0,"menu_order":0,"comment_status":"closed","ping_status":"closed","template":"","meta":{"_acf_changed":false,"footnotes":"","_links_to":"","_links_to_target":""},"class_list":["post-8","page","type-page","status-publish","hentry"],"acf":[],"_links":{"self":[{"href":"https:\/\/www.tonisson.ee\/mai105\/wp-json\/wp\/v2\/pages\/8","targetHints":{"allow":["GET"]}}],"collection":[{"href":"https:\/\/www.tonisson.ee\/mai105\/wp-json\/wp\/v2\/pages"}],"about":[{"href":"https:\/\/www.tonisson.ee\/mai105\/wp-json\/wp\/v2\/types\/page"}],"author":[{"embeddable":true,"href":"https:\/\/www.tonisson.ee\/mai105\/wp-json\/wp\/v2\/users\/1"}],"replies":[{"embeddable":true,"href":"https:\/\/www.tonisson.ee\/mai105\/wp-json\/wp\/v2\/comments?post=8"}],"version-history":[{"count":27,"href":"https:\/\/www.tonisson.ee\/mai105\/wp-json\/wp\/v2\/pages\/8\/revisions"}],"predecessor-version":[{"id":1086,"href":"https:\/\/www.tonisson.ee\/mai105\/wp-json\/wp\/v2\/pages\/8\/revisions\/1086"}],"wp:attachment":[{"href":"https:\/\/www.tonisson.ee\/mai105\/wp-json\/wp\/v2\/media?parent=8"}],"curies":[{"name":"wp","href":"https:\/\/api.w.org\/{rel}","templated":true}]}}