{"id":78,"date":"2015-10-19T10:43:17","date_gmt":"2015-10-19T10:43:17","guid":{"rendered":"http:\/\/www.tonisson.ee\/joetahe\/?page_id=78"},"modified":"2022-05-17T20:31:20","modified_gmt":"2022-05-17T20:31:20","slug":"sinu-uus-kodu-akadeemilises-linnaosas","status":"publish","type":"page","link":"https:\/\/www.tonisson.ee\/lovisaba\/","title":{"rendered":"<strong>L\u00f5visaba tee 6 on m\u00fc\u00fcdud. <br>L\u00f5visaba tee 8 ehitus on alanud!<\/strong>"},"content":{"rendered":"<h2>Sinu uus kodu loodusl\u00e4hedases L\u00f5vi elurajoonis!<\/h2>\n<p>L\u00f5visaba tee kaksikelamud asuvad P\u00e4rnu linnapiirist 5 km Papsaares, esinduslikus L\u00f5vi elamurajoonis. Esimesena valmib 2021. aasta suvel kaksikelamu aadressil L\u00f5visaba tee 6, seej\u00e4rel L\u00f5visaba tee 8.<\/p>\n<p>Elamus on kaks avarat peegelpildis asetsevat boksi. B-energiam\u00e4rgisega elamul on kaks korrust ja madala kaldega viilkatus. Elamu I ja II korrusel on vesi-p\u00f5randak\u00fcte, k\u00fctteallikaks \u00f5hk-vesi soojuspump. Hea sisekliima tagab soojustagastusega ventilatsiooniagregaat.<\/p>\n<div data-mode=\"normal\" data-oembed=\"1\" data-provider=\"youtube\" id=\"arve-youtube-uvsboe_nyu4\" class=\"arve\">\n<div class=\"arve-inner\">\n<div style=\"aspect-ratio:500\/281\" class=\"arve-embed arve-embed--has-aspect-ratio\">\n<div class=\"arve-ar\" style=\"padding-top:56.200000%\"><\/div>\n<p>\t\t\t<iframe allow=\"accelerometer &apos;none&apos;;autoplay &apos;none&apos;;bluetooth &apos;none&apos;;browsing-topics &apos;none&apos;;camera &apos;none&apos;;clipboard-read &apos;none&apos;;clipboard-write;display-capture &apos;none&apos;;encrypted-media &apos;none&apos;;gamepad &apos;none&apos;;geolocation &apos;none&apos;;gyroscope &apos;none&apos;;hid &apos;none&apos;;identity-credentials-get &apos;none&apos;;idle-detection &apos;none&apos;;keyboard-map &apos;none&apos;;local-fonts;magnetometer &apos;none&apos;;microphone &apos;none&apos;;midi &apos;none&apos;;otp-credentials &apos;none&apos;;payment &apos;none&apos;;picture-in-picture;publickey-credentials-create &apos;none&apos;;publickey-credentials-get &apos;none&apos;;screen-wake-lock &apos;none&apos;;serial &apos;none&apos;;summarizer &apos;none&apos;;sync-xhr;usb &apos;none&apos;;web-share;window-management &apos;none&apos;;xr-spatial-tracking &apos;none&apos;;\" allowfullscreen=\"\" class=\"arve-iframe fitvidsignore\" credentialless data-arve=\"arve-youtube-uvsboe_nyu4\" data-lenis-prevent=\"\" data-src-no-ap=\"https:\/\/www.youtube-nocookie.com\/embed\/UVsBOe_nYu4?feature=oembed&amp;iv_load_policy=3&amp;modestbranding=1&amp;rel=0&amp;autohide=1&amp;playsinline=0&amp;autoplay=0\" frameborder=\"0\" height=\"0\" loading=\"lazy\" name=\"\" referrerpolicy=\"strict-origin-when-cross-origin\" sandbox=\"allow-scripts allow-same-origin allow-presentation allow-popups allow-popups-to-escape-sandbox\" scrolling=\"no\" src=\"https:\/\/www.youtube-nocookie.com\/embed\/UVsBOe_nYu4?feature=oembed&#038;iv_load_policy=3&#038;modestbranding=1&#038;rel=0&#038;autohide=1&#038;playsinline=0&#038;autoplay=0\" title=\"\" width=\"0\"><\/iframe><\/p><\/div>\n<\/p><\/div>\n<p>\t<script type=\"application\/ld+json\">{\"@context\":\"http:\\\/\\\/schema.org\\\/\",\"@id\":\"https:\\\/\\\/www.tonisson.ee\\\/lovisaba\\\/#arve-youtube-uvsboe_nyu4\",\"type\":\"VideoObject\",\"embedURL\":\"https:\\\/\\\/www.youtube-nocookie.com\\\/embed\\\/UVsBOe_nYu4?feature=oembed&iv_load_policy=3&modestbranding=1&rel=0&autohide=1&playsinline=0&autoplay=0\"}<\/script><\/p>\n<\/div>\n<p>Kinnistule s\u00f5idetakse m\u00f6\u00f6da L\u00f5visaba tee 6 ja 8 kinnistute vahele rajatavat sisses\u00f5iduteed, mis on kahe kinnistu \u00fchine tee. Kahe boksi terrasside vahelisele alale rajatakse igihaljas elupuuhekk.<\/p>\n<p>Hoone v\u00e4lisviimistluses on kasutatud piirkonnale omaseid toone: p\u00f5himaht on valge, aksendiks v\u00e4iksemad tumedad pinnad. Hoone fassaadi katab horisontaalse paigutusega naturaalvalget tooni h\u00f6\u00f6veldatud laudis. Akendevahelistel pindadel on kasutatud sinakashalliks v\u00e4rvitud laudist.<\/p>\n<p>Peasissep\u00e4\u00e4sud on hoone p\u00f5hjapoolsest k\u00fcljest. Elamus on 5 tuba. Sisenedes avaneb esik, kust p\u00e4\u00e4seb majandusruumi, garderoobi, vannituppa ja maja l\u00f5unapoolsesse k\u00fclge j\u00e4\u00e4vasse elutuba-k\u00f6\u00f6ki. Elutoast on p\u00e4\u00e4s l\u00f5unasse avanevale terrassile.<\/p>\n<p>Esikust viib trepp teisele korrusele, kus on magamistoad ja wc.<\/p>\n<p>Panipaik on \u00f5uest eraldi sissep\u00e4\u00e4suga.<\/p>\n<p>Boks 1 suletud netopind &#8211; 124 m2<br \/>\nBoks 2 suletud netopind &#8211; 124 m2<\/p>\n<p>Kasutatavad tehnoloogiad, materjalid ja ehituskvaliteet annavad elamule <strong>B-klassi energiam\u00e4rgise.<\/strong><\/p>\n<h3>Tule oma tulevast kodu vaatama!<\/h3>\n","protected":false},"excerpt":{"rendered":"<p>Sinu uus kodu loodusl\u00e4hedases L\u00f5vi elurajoonis! L\u00f5visaba tee kaksikelamud asuvad P\u00e4rnu linnapiirist 5 km Papsaares, esinduslikus L\u00f5vi elamurajoonis. Esimesena valmib 2021. aasta suvel kaksikelamu aadressil L\u00f5visaba tee 6, seej\u00e4rel L\u00f5visaba tee 8. Elamus on kaks avarat peegelpildis asetsevat boksi. B-energiam\u00e4rgisega elamul on kaks korrust ja madala kaldega viilkatus. Elamu I ja II korrusel on vesi-p\u00f5randak\u00fcte, [&hellip;]<\/p>\n","protected":false},"author":1,"featured_media":408,"parent":0,"menu_order":0,"comment_status":"closed","ping_status":"closed","template":"","meta":{"_acf_changed":false,"footnotes":"","_links_to":"","_links_to_target":""},"class_list":["post-78","page","type-page","status-publish","has-post-thumbnail","hentry"],"acf":[],"_links":{"self":[{"href":"https:\/\/www.tonisson.ee\/lovisaba\/wp-json\/wp\/v2\/pages\/78","targetHints":{"allow":["GET"]}}],"collection":[{"href":"https:\/\/www.tonisson.ee\/lovisaba\/wp-json\/wp\/v2\/pages"}],"about":[{"href":"https:\/\/www.tonisson.ee\/lovisaba\/wp-json\/wp\/v2\/types\/page"}],"author":[{"embeddable":true,"href":"https:\/\/www.tonisson.ee\/lovisaba\/wp-json\/wp\/v2\/users\/1"}],"replies":[{"embeddable":true,"href":"https:\/\/www.tonisson.ee\/lovisaba\/wp-json\/wp\/v2\/comments?post=78"}],"version-history":[{"count":36,"href":"https:\/\/www.tonisson.ee\/lovisaba\/wp-json\/wp\/v2\/pages\/78\/revisions"}],"predecessor-version":[{"id":672,"href":"https:\/\/www.tonisson.ee\/lovisaba\/wp-json\/wp\/v2\/pages\/78\/revisions\/672"}],"wp:featuredmedia":[{"embeddable":true,"href":"https:\/\/www.tonisson.ee\/lovisaba\/wp-json\/wp\/v2\/media\/408"}],"wp:attachment":[{"href":"https:\/\/www.tonisson.ee\/lovisaba\/wp-json\/wp\/v2\/media?parent=78"}],"curies":[{"name":"wp","href":"https:\/\/api.w.org\/{rel}","templated":true}]}}