{"id":8,"date":"2015-10-19T07:48:07","date_gmt":"2015-10-19T07:48:07","guid":{"rendered":"http:\/\/www.tonisson.ee\/joetahe\/?page_id=8"},"modified":"2021-04-02T14:56:55","modified_gmt":"2021-04-02T14:56:55","slug":"tutvustus","status":"publish","type":"page","link":"https:\/\/www.tonisson.ee\/joetahe\/tutvustus\/","title":{"rendered":"Tutvustus"},"content":{"rendered":"<h2>Naudi p\u00e4ikest, vaadet j\u00f5ele ja kesklinna panoraamile!<\/h2>\n<h2>J\u00f5et\u00e4he on kodu, millest oled unistanud!<\/h2>\n<p>Sinu uus kodu on s\u00e4rav t\u00e4ht P\u00e4rnu kinnisvarataevas.<\/p>\n<p>Elurajoon asub otse\u00a0P\u00e4rnu j\u00f5e ja Jaansoni terviseraja \u00e4\u00e4res kesklinnal\u00e4hedases piirkonnas ja koosneb neljast uuest kortermajast.<\/p>\n<p>V\u00e4rskelt on valminud\u00a0R\u00e4\u00e4ma 15A, kus k\u00f5igil korteritel on suur p\u00e4ikesepoolne r\u00f5du vaatega P\u00e4rnu j\u00f5e panoraamile ja kesklinnale. Igal korteril on oma panipaik ja parkimiskoht. Lisaks on korteriomanikul v\u00f5imalus kasutada soklikorrusel asetsevaid puhkeruume sauna ja suure j\u00f5epoole avaneva terrassiga.<\/p>\n<p>Elamu B-energiakass tagatakse energiatagastusega ventilatsioonis\u00fcsteemi, \u00f5hk-vesi k\u00fcttelahenduse ja p\u00e4ikesepaneelidega.<\/p>\n<p>Aiaga \u00fcmbritsetud ilusas tagaaias on elanike puhke- ning m\u00e4nguala ja juurdep\u00e4\u00e4s kaldal olevale terviserajale.<\/p>\n<p>2- ja 4-toalised kodud on kaasaegse arhitektuurikeelega ning v\u00e4ikeste kodukuludega.<\/p>\n<p>Korterites on kogu ulatuses p\u00f5randak\u00fcte \u00f5hk-vesi soojuspumba baasil.\u00a0Soojustagastusega kaasaegne ventilatsioonis\u00fcsteem suunab ventilatsiooniga v\u00e4ljuva energia tagasi\u00a0korteri k\u00fctmiseks ja\u00a0aitab sedasi kokku hoida 10-20% energiast.\u00a0 Turvalisusele aitab kaasa fono lukk sissep\u00e4\u00e4sul ja sertifitseeritud sarilukustuss\u00fcsteem.<\/p>\n<p>Kasutatavad tehnoloogiad, materjalid ja ehituskvaliteet annavad elamule\u00a0<strong>B-klassi energiam\u00e4rgise.<\/strong><\/p>\n<h3>Tule oma tulevast kodu vaatama!<\/h3>\n","protected":false},"excerpt":{"rendered":"<p>Naudi p\u00e4ikest, vaadet j\u00f5ele ja kesklinna panoraamile! J\u00f5et\u00e4he on kodu, millest oled unistanud! Sinu uus kodu on s\u00e4rav t\u00e4ht P\u00e4rnu kinnisvarataevas. Elurajoon asub otse\u00a0P\u00e4rnu j\u00f5e ja Jaansoni terviseraja \u00e4\u00e4res kesklinnal\u00e4hedases piirkonnas ja koosneb neljast uuest kortermajast. V\u00e4rskelt on valminud\u00a0R\u00e4\u00e4ma 15A, kus k\u00f5igil korteritel on suur p\u00e4ikesepoolne r\u00f5du vaatega P\u00e4rnu j\u00f5e panoraamile ja kesklinnale. Igal korteril [&hellip;]<\/p>\n","protected":false},"author":1,"featured_media":152,"parent":0,"menu_order":0,"comment_status":"closed","ping_status":"closed","template":"","meta":{"_acf_changed":false,"footnotes":"","_links_to":"","_links_to_target":""},"class_list":["post-8","page","type-page","status-publish","has-post-thumbnail","hentry"],"acf":[],"_links":{"self":[{"href":"https:\/\/www.tonisson.ee\/joetahe\/wp-json\/wp\/v2\/pages\/8","targetHints":{"allow":["GET"]}}],"collection":[{"href":"https:\/\/www.tonisson.ee\/joetahe\/wp-json\/wp\/v2\/pages"}],"about":[{"href":"https:\/\/www.tonisson.ee\/joetahe\/wp-json\/wp\/v2\/types\/page"}],"author":[{"embeddable":true,"href":"https:\/\/www.tonisson.ee\/joetahe\/wp-json\/wp\/v2\/users\/1"}],"replies":[{"embeddable":true,"href":"https:\/\/www.tonisson.ee\/joetahe\/wp-json\/wp\/v2\/comments?post=8"}],"version-history":[{"count":11,"href":"https:\/\/www.tonisson.ee\/joetahe\/wp-json\/wp\/v2\/pages\/8\/revisions"}],"predecessor-version":[{"id":410,"href":"https:\/\/www.tonisson.ee\/joetahe\/wp-json\/wp\/v2\/pages\/8\/revisions\/410"}],"wp:featuredmedia":[{"embeddable":true,"href":"https:\/\/www.tonisson.ee\/joetahe\/wp-json\/wp\/v2\/media\/152"}],"wp:attachment":[{"href":"https:\/\/www.tonisson.ee\/joetahe\/wp-json\/wp\/v2\/media?parent=8"}],"curies":[{"name":"wp","href":"https:\/\/api.w.org\/{rel}","templated":true}]}}