{"id":1485,"date":"2025-01-03T11:59:50","date_gmt":"2025-01-03T11:59:50","guid":{"rendered":"https:\/\/dev.tonisson.ee\/tietoa-meista\/"},"modified":"2026-01-07T14:46:21","modified_gmt":"2026-01-07T12:46:21","slug":"meista","status":"publish","type":"page","link":"https:\/\/www.tonisson.ee\/fi\/meista\/","title":{"rendered":"Tietoa meist\u00e4"},"content":{"rendered":"<section class=\"fw-main-row \">\n<div class=\"fw-container\">\n<div class=\"fw-row\">\n<div class=\"fw-col-xs-12\">\n<div class=\"row\">\n<div class=\"col-sm-12\">\n<ul class=\"anchor-links\">\n<li><a href=\"#suuremadarendused\">Merkitt\u00e4v\u00e4t kiinteist\u00f6kehityshankkeet<\/a><\/li>\n<li><a href=\"#suuremadobjektid\">Suuremmat kohteet<\/a><\/li>\n<li><a href=\"#sponsorlus\">Sponsorointi<\/a><\/li>\n<li><a href=\"#varia\">Sekalaista<\/a><\/li>\n<\/ul>\n<\/div>\n<\/div>\n<\/div>\n<\/div>\n<div class=\"fw-row\">\n<div class=\"fw-col-xs-12\">\n<h4>T\u00f5nisson Kinnisvara tarjoaa parhaat kiinteist\u00f6jen myynti- ja arviointiv\u00e4litys- ja arviointipalvelut P\u00e4rnun l\u00e4\u00e4niss\u00e4, L\u00e4\u00e4nemaalla.<\/h4>\n<h3>Olemme vuodesta 1992 l\u00e4htien omistautuneet varmistamaan asiakkaidemme kiinteist\u00f6jen myynnin ja vuokrauksen kannattavuuden. Teemme yhteisty\u00f6t\u00e4 kiinteist\u00f6jen omistajien, ostajien, sijoittajien, vuokralaisten, kuntien ja rahoituslaitosten kanssa tarjotaksemme markkinoiden kannalta toimivia ratkaisuja.<\/h3>\n<h4>Kiinteist\u00f6nomistajat k\u00e4\u00e4ntyv\u00e4t puoleemme, kun.<\/h4>\n<ul>\n<li>he etsiv\u00e4t parasta v\u00e4lityspalvelua (v\u00e4litys) yhdistettyn\u00e4 p\u00e4tev\u00e4\u00e4n ja ajantasaiseen markkina-analyysiin;<\/li>\n<li>he ovat turhautuneita nykyiseen myyntiedustajaansa, joka ei pid\u00e4 lupauksiaan, ei kommunikoi tai ei ole aktiivinen;<\/li>\n<li>he ovat huolissaan tulonmenetyksist\u00e4, jotka johtuvat ajanpuutteesta ja kyvytt\u00f6myydest\u00e4 valita oikea myyntihinta, ajankohta ja markkinakanavat kiinteist\u00f6lleen;<\/li>\n<li>he ovat kyll\u00e4styneet siihen, ett\u00e4 he myyv\u00e4t itse omaisuuttaan ja n\u00e4ytt\u00e4v\u00e4t sit\u00e4 yh\u00e4 useammille ihmisille, jotka eiv\u00e4t osta sit\u00e4;<\/li>\n<li>joilla ei ole aikaa, taitoja tai halua huolehtia oman kiinteist\u00f6ns\u00e4 myynnist\u00e4 tai vuokrauksesta;<\/li>\n<li>he eiv\u00e4t saa maksimaalista tuottoa oman kiinteist\u00f6ns\u00e4 myynnist\u00e4, koska heill\u00e4 ei ole riitt\u00e4v\u00e4\u00e4 markkinatuntemusta tai huippumyyj\u00e4taitoja;<\/li>\n<li>he etsiv\u00e4t hyvin integroitua ja k\u00e4tev\u00e4\u00e4 v\u00e4lityspalvelua, jossa yhdistyv\u00e4t eritt\u00e4in kokeneiden ammattilaisten tarjoama myyntituki sek\u00e4 ajantasainen markkinatilanne- ja markkinointianalyysi;<\/li>\n<li>ne pyrkiv\u00e4t mahdollisimman suureen kannattavuuteen ja mahdollisimman pieneen tyhj\u00e4k\u00e4yntiin realisoidessaan tai vuokratessaan liiketoimintaomaisuuttaan.<\/li>\n<li>he pelk\u00e4\u00e4v\u00e4t, ett\u00e4 jos he myyv\u00e4t kiinteist\u00f6n itse, kiinteist\u00f6n kannattavuus voi j\u00e4\u00e4d\u00e4 ajan mittaan alhaiseksi ja pitk\u00e4n myyntikauden kustannukset voivat nousta korkeiksi;<\/li>\n<li>he tarvitsevat ammattitaitoista ja rehellist\u00e4 neuvontaa kiinteist\u00f6ns\u00e4 markkina-arvosta;<\/li>\n<li>he tarvitsevat ammattimaista arvioijaa antamaan p\u00e4tev\u00e4n asiantuntijalausunnon rahoituslaitokselle, yritykselle, tuomioistuimelle tai kuolinpes\u00e4n hoitoon;<\/li>\n<\/ul>\n<h4>Asiantuntijoidemme pitk\u00e4n kokemuksen ansiosta tarjoamme parhaita integroituja kiinteist\u00f6palveluja, joihin kuuluvat ensiluokkaiset myyntiv\u00e4litys-, arviointi-, konsultointi-, kehitys- ja hallinnointipalvelut. Palvelumme takaavat aina asiakkaidemme aika- ja kustannuss\u00e4\u00e4st\u00f6t ja, kun otetaan huomioon rahan aika-arvo, parhaan kannattavuuden.<\/h4>\n<h4>T\u00f5nisson Kinnisvaran yhten\u00e4inen myyntitiimi pystyy tarjoamaan ratkaisuja, jotka todella toimivat markkinoilla, koska olemme erilaisia kuin muut palveluntarjoajat:<\/h4>\n<ul>\n<li>olemme pisimp\u00e4\u00e4n toiminut kiinteist\u00f6v\u00e4litystoimisto, joka tarjoaa t\u00e4ydellist\u00e4 kiinteist\u00f6palvelua;<\/li>\n<li>otamme aina huomioon asiakkaan edun ja tarjoamme sopivia ja joustavia vaihtoehtoja;<\/li>\n<li>kukaan ei myy ja kommunikoi paremmin kuin me, se on ydinosaamistamme;<\/li>\n<li>Saavutamme maksimaalisen tuloksen minimaalisessa ajassa;<\/li>\n<li>Jokaista asiakastamme avustavat Viron parhaat asiantuntijat, jotka puhuvat vieraita kieli\u00e4, mukaan lukien ammattitutkinnon suorittaneet kiinteist\u00f6v\u00e4litt\u00e4j\u00e4t, arvioijat ja kiinteist\u00f6nhoitajat, jotka ovat saaneet alan parhaan koulutuksen ja joiden tasoa nostetaan vuosittaisella koulutuksella;<\/li>\n<li>Meid\u00e4n kanssamme on eritt\u00e4in helppo ty\u00f6skennell\u00e4, koska asiakkaan ei tarvitse tehd\u00e4 mit\u00e4\u00e4n erityist\u00e4, h\u00e4n vain odottaa tuloksia;<\/li>\n<li>otamme sen syd\u00e4mellemme ja otamme sen henkil\u00f6kohtaisesti. Tulomme riippuvat siit\u00e4, miten tehokkaasti myymme kiinteist\u00f6si;<\/li>\n<li>Olemme aina rehellisi\u00e4 asiakkaillemme ja itsellemme, kun arvioimme kiinteist\u00f6j\u00e4 ja annamme neuvoja;<\/li>\n<li>Kiinteist\u00f6jemme hallinnoinnissa pyrimme luomaan parhaan elinymp\u00e4rist\u00f6n tuleville sukupolville;<\/li>\n<li>asiakkaamme eiv\u00e4t koskaan j\u00e4t\u00e4 meit\u00e4. Ja jotkut l\u00e4hteneetkin ovat tulleet takaisin.<\/li>\n<\/ul>\n<h3>T\u00f5nisson Kinnisvaran tavaramerkki &#8211; asiallinen ja m\u00e4\u00e4r\u00e4tietoinen, mutta nokkela talon mies on aina ollut hyv\u00e4 kumppani kautta historian.<\/h3>\n<\/div>\n<\/div>\n<div class=\"fw-row\">\n<div class=\"fw-col-xs-12\">\n<div id=\"suuremadarendused\">\n<h2>Merkitt\u00e4v\u00e4t kiinteist\u00f6kehityshankkeet<\/h2>\n<\/div>\n<\/div>\n<div class=\"fw-row\">\n<div class=\"fw-col-xs-12 fw-col-sm-3\"><img decoding=\"async\" class=\"alignleft\" src=\"\/\/tonisson.ee\/wp-content\/uploads\/2015\/08\/Uuejoe.jpg\" alt=\"\/\/tonisson.ee\/wp-content\/uploads\/2015\/08\/Uuejoe.jpg\" \/>\n<p style=\"text-align: center;\"><strong>Uuej\u00f5en asuinalue P\u00e4rnussa. Energiatehokkaita asuntoja kaupungin keskustassa. <\/strong><\/p>\n<\/div>\n<div class=\"fw-col-xs-12 fw-col-sm-3\"><img decoding=\"async\" class=\"aligncenter\" src=\"\/\/tonisson.ee\/wp-content\/uploads\/2015\/08\/Ruutli55.jpg\" alt=\"\/\/tonisson.ee\/wp-content\/uploads\/2015\/08\/Ruutli55.jpg\" \/>\n<p style=\"text-align: center;\"><strong>R\u00fc\u00fctli 55 P\u00e4rnussa. Historiallisia huoneistoja vanhassakaupungissa. <\/strong><\/p>\n<\/div>\n<div class=\"fw-col-xs-12 fw-col-sm-3\"><img decoding=\"async\" class=\"alignright\" src=\"\/\/tonisson.ee\/wp-content\/uploads\/2015\/08\/Tartu-0091.jpg\" alt=\"\/\/tonisson.ee\/wp-content\/uploads\/2015\/08\/Tartu-0091.jpg\" \/>\n<p style=\"text-align: center;\"><strong>Ujula 2a Tartossa. Uudet huoneistot, joissa on parvekkeet Emaj\u00f5gen yl\u00e4puolella. <\/strong><\/p>\n<\/div>\n<div class=\"fw-col-xs-12 fw-col-sm-3\"><img decoding=\"async\" src=\"\/\/tonisson.ee\/wp-content\/uploads\/2015\/08\/hurda-esileh3t1.jpg\" alt=\"\/\/tonisson.ee\/wp-content\/uploads\/2015\/08\/hurda-esileh3t1.jpg\" \/>\n<p style=\"text-align: center;\"><strong>Hurda 34 \/ N\u00e4ituse 27 Tartossa. Uusia kerrostaloja T\u00e4htveress\u00e4. <\/strong><\/p>\n<\/div>\n<\/div>\n<div class=\"fw-row\">\n<div class=\"fw-col-xs-12\">\n<div id=\"suuremadobjektid\">\n<h2>Suuremmat kohteet<\/h2>\n<\/div>\n<\/div>\n<div class=\"fw-row\">\n<div class=\"fw-col-xs-12 fw-col-sm-3\"><img decoding=\"async\" src=\"\/\/tonisson.ee\/wp-content\/uploads\/2015\/08\/Tammsaare22.jpg\" alt=\"\/\/tonisson.ee\/wp-content\/uploads\/2015\/08\/Tammsaare22.jpg\" \/>\n<p style=\"text-align: center;\"><strong>Kerrostalo, jossa on suuret kattoterassit P\u00e4rnun rannikkoalueella. <\/strong><\/p>\n<\/div>\n<div class=\"fw-col-xs-12 fw-col-sm-3\"><img decoding=\"async\" src=\"\/\/tonisson.ee\/wp-content\/uploads\/2015\/08\/Tui1-vaike.jpg\" alt=\"\/\/tonisson.ee\/wp-content\/uploads\/2015\/08\/Tui1-vaike.jpg\" \/>\n<p style=\"text-align: center;\"><strong>Energiatehokas kerrostalo, jossa on l\u00e4mp\u00f6mittarit P\u00e4rnun keskustassa. <\/strong><\/p>\n<\/div>\n<div class=\"fw-col-xs-12 fw-col-sm-3\"><img decoding=\"async\" src=\"\/\/tonisson.ee\/wp-content\/uploads\/2015\/08\/Tartu-0105.jpg\" alt=\"\/\/tonisson.ee\/wp-content\/uploads\/2015\/08\/Tartu-0105.jpg\" \/>\n<p style=\"text-align: center;\"><strong>Kroonuaia 29 Tartossa. Naapuruston arvoisia kerrostaloja kaupungin keskustassa. <\/strong><\/p>\n<\/div>\n<div class=\"fw-col-xs-12 fw-col-sm-3\"><img decoding=\"async\" src=\"\/\/tonisson.ee\/wp-content\/uploads\/2015\/08\/liiva2c.gif\" alt=\"\/\/tonisson.ee\/wp-content\/uploads\/2015\/08\/liiva2c.gif\" \/>\n<p style=\"text-align: center;\"><strong>Liiva 2c P\u00e4rnussa. Viihtyisi\u00e4 huoneistoja kaupungin keskustassa. <\/strong><\/p>\n<\/div>\n<\/div>\n<div class=\"fw-row\">\n<div class=\"fw-col-xs-12\">\n<div id=\"sponsorlus\">\n<h2>Sponsorointi<\/h2>\n<\/div>\n<\/div>\n<div class=\"fw-row\">\n<div class=\"fw-col-xs-12 fw-col-sm-3\"><a href=\"https:\/\/www.facebook.com\/tonissonkinnisvara\/photos\/a.131480280239692.26901.131309870256733\/1399751430079231\/?type=3&amp;theater\" target=\"_blank\" rel=\"noopener\"><img decoding=\"async\" src=\"\/\/tonisson.ee\/wp-content\/uploads\/2015\/08\/Loomade-varjupaik.jpg\" alt=\"\/\/tonisson.ee\/wp-content\/uploads\/2015\/08\/Loomade-varjupaik.jpg\" \/><\/a>\n<p style=\"text-align: center;\"><strong>P\u00e4rnun el\u00e4insuojan tukija. <\/strong><\/p>\n<\/div>\n<div class=\"fw-col-xs-12 fw-col-sm-3\"><a href=\"https:\/\/www.facebook.com\/kahesillaklubi\/\" target=\"_blank\" rel=\"noopener\"><img decoding=\"async\" src=\"\/\/tonisson.ee\/wp-content\/uploads\/2015\/08\/Jaansoni-jooks.jpg\" alt=\"\/\/tonisson.ee\/wp-content\/uploads\/2015\/08\/Jaansoni-jooks.jpg\" \/><\/a>\n<p style=\"text-align: center;\"><strong>Two Bridges Club -juoksusarjan j\u00e4rjest\u00e4j\u00e4n tukija. <\/strong><\/p>\n<\/div>\n<div class=\"fw-col-xs-12 fw-col-sm-3\"><a href=\"https:\/\/www.facebook.com\/tartumaraton\/?fref=ts\" target=\"_blank\" rel=\"noopener\"><img decoding=\"async\" src=\"\/\/tonisson.ee\/wp-content\/uploads\/2015\/08\/TartuMaraton.jpg\" alt=\"\/\/tonisson.ee\/wp-content\/uploads\/2015\/08\/TartuMaraton.jpg\" \/><\/a>\n<p style=\"text-align: center;\"><strong>Tarton maratonin pitk\u00e4aikainen tukija. <\/strong><\/p>\n<\/div>\n<div class=\"fw-col-xs-12 fw-col-sm-3\"><img decoding=\"async\" src=\"\/\/tonisson.ee\/wp-content\/uploads\/2015\/08\/Suusasari2016aa.jpg\" alt=\"\/\/tonisson.ee\/wp-content\/uploads\/2015\/08\/Suusasari2016aa.jpg\" \/>\n<p style=\"text-align: center;\"><strong>P\u00e4rnun kaupungin ruohonjuuritason hiihtosarjan tukija<\/strong><\/p>\n<\/div>\n<\/div>\n<div class=\"fw-row\">\n<div class=\"fw-col-xs-12\">\n<div id=\"varia\">\n<h2>Sekalaista<\/h2>\n<\/div>\n<\/div>\n<div class=\"fw-row\">\n<div class=\"fw-col-xs-12 fw-col-sm-3\"><img decoding=\"async\" src=\"\/\/tonisson.ee\/wp-content\/uploads\/2015\/08\/Kontor-R%C3%BC%C3%BCtli-47-2017-05463-v%C3%A4iksem.jpg\" alt=\"\/\/tonisson.ee\/wp-content\/uploads\/2015\/08\/Kontor-R\u00fc\u00fctli-47-2017-05463-v\u00e4iksem.jpg\" \/>\n<p style=\"text-align: center;\"><strong>Vuodesta 2017 alkaen otamme P\u00e4rnun asiakkaita vastaan uudessa modernissa toimistotilassa R\u00fc\u00fctli tn 47:n ensimm\u00e4isess\u00e4 kerroksessa.<\/strong><\/p>\n<\/div>\n<div class=\"fw-col-xs-12 fw-col-sm-3\"><img decoding=\"async\" src=\"\/\/tonisson.ee\/wp-content\/uploads\/2015\/08\/Kontor-R%C3%BC%C3%BCtli-47-2017-05477-v%C3%A4iksem.jpg\" alt=\"\/\/tonisson.ee\/wp-content\/uploads\/2015\/08\/Kontor-R\u00fc\u00fctli-47-2017-05477-v\u00e4iksem.jpg\" \/>\n<p style=\"text-align: center;\"><strong>Ajan testin kest\u00e4nyt logo on saanut uuden ilmeen ja arvokkaan paikan.<\/strong><\/p>\n<\/div>\n<div class=\"fw-col-xs-12 fw-col-sm-3\"><img decoding=\"async\" src=\"\/\/tonisson.ee\/wp-content\/uploads\/2015\/08\/Hirvensalmi-Mikkeli-2017-0500.jpg\" alt=\"\/\/tonisson.ee\/wp-content\/uploads\/2015\/08\/Hirvensalmi-Mikkeli-2017-0500.jpg\" \/>\n<p style=\"text-align: center;\"><strong>Koulutusmatka Suomen Asuntomessuille 2017, jossa tutustuimme uusien asuntojen tyyliin ja Mikkeliin.<\/strong><\/p>\n<\/div>\n<div class=\"fw-col-xs-12 fw-col-sm-3\"><img decoding=\"async\" src=\"\/\/tonisson.ee\/wp-content\/uploads\/2015\/08\/Augustiunetus.jpg\" alt=\"\/\/tonisson.ee\/wp-content\/uploads\/2015\/08\/Augustiunetus.jpg\" \/>\n<p style=\"text-align: center;\"><strong>Osallistuimme P\u00e4rnun elokuun festivaaliin omalla kahvilallamme, jonka tuotto lahjoitettiin el\u00e4insuojalle.<\/strong><\/p>\n<\/div>\n<\/div>\n<div class=\"fw-row\">\n<div class=\"fw-col-xs-12 fw-col-sm-3\">\n<p style=\"text-align: center;\">\u00a0<\/p>\n<\/div>\n<\/div>\n<\/div>\n<\/div>\n<\/div>\n<\/div>\n<\/div>\n<\/section>\n<p><!-- 260d6cbb13f33beb7c7f4c5a5496aabe --><\/p>\n\n\n<p class=\"meist-page\"><\/p>\n","protected":false},"excerpt":{"rendered":"<p>Merkitt\u00e4v\u00e4t kiinteist\u00f6kehityshankkeet Suuremmat kohteet Sponsorointi Sekalaista T\u00f5nisson Kinnisvara tarjoaa parhaat kiinteist\u00f6jen myynti- ja arviointiv\u00e4litys- ja arviointipalvelut P\u00e4rnun l\u00e4\u00e4niss\u00e4, L\u00e4\u00e4nemaalla. Olemme vuodesta 1992 l\u00e4htien omistautuneet varmistamaan asiakkaidemme kiinteist\u00f6jen myynnin ja vuokrauksen kannattavuuden. Teemme yhteisty\u00f6t\u00e4 kiinteist\u00f6jen omistajien, ostajien, sijoittajien, vuokralaisten, kuntien ja rahoituslaitosten kanssa tarjotaksemme markkinoiden kannalta toimivia ratkaisuja. Kiinteist\u00f6nomistajat k\u00e4\u00e4ntyv\u00e4t puoleemme, kun. he etsiv\u00e4t parasta v\u00e4lityspalvelua [&hellip;]<\/p>\n","protected":false},"author":1,"featured_media":1969,"parent":0,"menu_order":0,"comment_status":"closed","ping_status":"closed","template":"","meta":{"_acf_changed":false,"footnotes":"","_links_to":"","_links_to_target":""},"class_list":["post-1485","page","type-page","status-publish","has-post-thumbnail","hentry"],"acf":[],"yoast_head":"<!-- This site is optimized with the Yoast SEO plugin v27.4 - https:\/\/yoast.com\/product\/yoast-seo-wordpress\/ -->\n<title>Tietoa meist\u00e4 - T&otilde;nisson<\/title>\n<meta name=\"robots\" content=\"index, follow, max-snippet:-1, max-image-preview:large, max-video-preview:-1\" \/>\n<link rel=\"canonical\" href=\"https:\/\/www.tonisson.ee\/fi\/meista\/\" \/>\n<meta property=\"og:locale\" content=\"fi_FI\" \/>\n<meta property=\"og:type\" content=\"article\" \/>\n<meta property=\"og:title\" content=\"Tietoa meist\u00e4 - T&otilde;nisson\" \/>\n<meta property=\"og:description\" content=\"Merkitt\u00e4v\u00e4t kiinteist\u00f6kehityshankkeet Suuremmat kohteet Sponsorointi Sekalaista T\u00f5nisson Kinnisvara tarjoaa parhaat kiinteist\u00f6jen myynti- ja arviointiv\u00e4litys- ja arviointipalvelut P\u00e4rnun l\u00e4\u00e4niss\u00e4, L\u00e4\u00e4nemaalla. Olemme vuodesta 1992 l\u00e4htien omistautuneet varmistamaan asiakkaidemme kiinteist\u00f6jen myynnin ja vuokrauksen kannattavuuden. Teemme yhteisty\u00f6t\u00e4 kiinteist\u00f6jen omistajien, ostajien, sijoittajien, vuokralaisten, kuntien ja rahoituslaitosten kanssa tarjotaksemme markkinoiden kannalta toimivia ratkaisuja. Kiinteist\u00f6nomistajat k\u00e4\u00e4ntyv\u00e4t puoleemme, kun. he etsiv\u00e4t parasta v\u00e4lityspalvelua [&hellip;]\" \/>\n<meta property=\"og:url\" content=\"https:\/\/www.tonisson.ee\/fi\/meista\/\" \/>\n<meta property=\"og:site_name\" content=\"T&otilde;nisson\" \/>\n<meta property=\"article:modified_time\" content=\"2026-01-07T12:46:21+00:00\" \/>\n<meta property=\"og:image\" content=\"https:\/\/www.tonisson.ee\/wp-content\/uploads\/2025\/03\/eramute-aerofoto-e1742374239931.jpg\" \/>\n\t<meta property=\"og:image:width\" content=\"2300\" \/>\n\t<meta property=\"og:image:height\" content=\"1725\" \/>\n\t<meta property=\"og:image:type\" content=\"image\/jpeg\" \/>\n<meta name=\"twitter:card\" content=\"summary_large_image\" \/>\n<meta name=\"twitter:label1\" content=\"Arvioitu lukuaika\" \/>\n\t<meta name=\"twitter:data1\" content=\"6 minuuttia\" \/>\n<script type=\"application\/ld+json\" class=\"yoast-schema-graph\">{\"@context\":\"https:\\\/\\\/schema.org\",\"@graph\":[{\"@type\":\"WebPage\",\"@id\":\"https:\\\/\\\/www.tonisson.ee\\\/fi\\\/meista\\\/\",\"url\":\"https:\\\/\\\/www.tonisson.ee\\\/fi\\\/meista\\\/\",\"name\":\"Tietoa meist\u00e4 - T&otilde;nisson\",\"isPartOf\":{\"@id\":\"https:\\\/\\\/www.tonisson.ee\\\/fi\\\/#website\"},\"primaryImageOfPage\":{\"@id\":\"https:\\\/\\\/www.tonisson.ee\\\/fi\\\/meista\\\/#primaryimage\"},\"image\":{\"@id\":\"https:\\\/\\\/www.tonisson.ee\\\/fi\\\/meista\\\/#primaryimage\"},\"thumbnailUrl\":\"https:\\\/\\\/www.tonisson.ee\\\/wp-content\\\/uploads\\\/2025\\\/03\\\/eramute-aerofoto-e1742374239931.jpg\",\"datePublished\":\"2025-01-03T11:59:50+00:00\",\"dateModified\":\"2026-01-07T12:46:21+00:00\",\"breadcrumb\":{\"@id\":\"https:\\\/\\\/www.tonisson.ee\\\/fi\\\/meista\\\/#breadcrumb\"},\"inLanguage\":\"fi\",\"potentialAction\":[{\"@type\":\"ReadAction\",\"target\":[\"https:\\\/\\\/www.tonisson.ee\\\/fi\\\/meista\\\/\"]}]},{\"@type\":\"ImageObject\",\"inLanguage\":\"fi\",\"@id\":\"https:\\\/\\\/www.tonisson.ee\\\/fi\\\/meista\\\/#primaryimage\",\"url\":\"https:\\\/\\\/www.tonisson.ee\\\/wp-content\\\/uploads\\\/2025\\\/03\\\/eramute-aerofoto-e1742374239931.jpg\",\"contentUrl\":\"https:\\\/\\\/www.tonisson.ee\\\/wp-content\\\/uploads\\\/2025\\\/03\\\/eramute-aerofoto-e1742374239931.jpg\",\"width\":2300,\"height\":1725},{\"@type\":\"BreadcrumbList\",\"@id\":\"https:\\\/\\\/www.tonisson.ee\\\/fi\\\/meista\\\/#breadcrumb\",\"itemListElement\":[{\"@type\":\"ListItem\",\"position\":1,\"name\":\"Home\",\"item\":\"https:\\\/\\\/www.tonisson.ee\\\/fi\\\/\"},{\"@type\":\"ListItem\",\"position\":2,\"name\":\"Tietoa meist\u00e4\"}]},{\"@type\":\"WebSite\",\"@id\":\"https:\\\/\\\/www.tonisson.ee\\\/fi\\\/#website\",\"url\":\"https:\\\/\\\/www.tonisson.ee\\\/fi\\\/\",\"name\":\"Tonisson\",\"description\":\"Just another WordPress site\",\"potentialAction\":[{\"@type\":\"SearchAction\",\"target\":{\"@type\":\"EntryPoint\",\"urlTemplate\":\"https:\\\/\\\/www.tonisson.ee\\\/fi\\\/?s={search_term_string}\"},\"query-input\":{\"@type\":\"PropertyValueSpecification\",\"valueRequired\":true,\"valueName\":\"search_term_string\"}}],\"inLanguage\":\"fi\"}]}<\/script>\n<!-- \/ Yoast SEO plugin. -->","yoast_head_json":{"title":"Tietoa meist\u00e4 - T&otilde;nisson","robots":{"index":"index","follow":"follow","max-snippet":"max-snippet:-1","max-image-preview":"max-image-preview:large","max-video-preview":"max-video-preview:-1"},"canonical":"https:\/\/www.tonisson.ee\/fi\/meista\/","og_locale":"fi_FI","og_type":"article","og_title":"Tietoa meist\u00e4 - T&otilde;nisson","og_description":"Merkitt\u00e4v\u00e4t kiinteist\u00f6kehityshankkeet Suuremmat kohteet Sponsorointi Sekalaista T\u00f5nisson Kinnisvara tarjoaa parhaat kiinteist\u00f6jen myynti- ja arviointiv\u00e4litys- ja arviointipalvelut P\u00e4rnun l\u00e4\u00e4niss\u00e4, L\u00e4\u00e4nemaalla. Olemme vuodesta 1992 l\u00e4htien omistautuneet varmistamaan asiakkaidemme kiinteist\u00f6jen myynnin ja vuokrauksen kannattavuuden. Teemme yhteisty\u00f6t\u00e4 kiinteist\u00f6jen omistajien, ostajien, sijoittajien, vuokralaisten, kuntien ja rahoituslaitosten kanssa tarjotaksemme markkinoiden kannalta toimivia ratkaisuja. Kiinteist\u00f6nomistajat k\u00e4\u00e4ntyv\u00e4t puoleemme, kun. he etsiv\u00e4t parasta v\u00e4lityspalvelua [&hellip;]","og_url":"https:\/\/www.tonisson.ee\/fi\/meista\/","og_site_name":"T&otilde;nisson","article_modified_time":"2026-01-07T12:46:21+00:00","og_image":[{"width":2300,"height":1725,"url":"https:\/\/www.tonisson.ee\/wp-content\/uploads\/2025\/03\/eramute-aerofoto-e1742374239931.jpg","type":"image\/jpeg"}],"twitter_card":"summary_large_image","twitter_misc":{"Arvioitu lukuaika":"6 minuuttia"},"schema":{"@context":"https:\/\/schema.org","@graph":[{"@type":"WebPage","@id":"https:\/\/www.tonisson.ee\/fi\/meista\/","url":"https:\/\/www.tonisson.ee\/fi\/meista\/","name":"Tietoa meist\u00e4 - T&otilde;nisson","isPartOf":{"@id":"https:\/\/www.tonisson.ee\/fi\/#website"},"primaryImageOfPage":{"@id":"https:\/\/www.tonisson.ee\/fi\/meista\/#primaryimage"},"image":{"@id":"https:\/\/www.tonisson.ee\/fi\/meista\/#primaryimage"},"thumbnailUrl":"https:\/\/www.tonisson.ee\/wp-content\/uploads\/2025\/03\/eramute-aerofoto-e1742374239931.jpg","datePublished":"2025-01-03T11:59:50+00:00","dateModified":"2026-01-07T12:46:21+00:00","breadcrumb":{"@id":"https:\/\/www.tonisson.ee\/fi\/meista\/#breadcrumb"},"inLanguage":"fi","potentialAction":[{"@type":"ReadAction","target":["https:\/\/www.tonisson.ee\/fi\/meista\/"]}]},{"@type":"ImageObject","inLanguage":"fi","@id":"https:\/\/www.tonisson.ee\/fi\/meista\/#primaryimage","url":"https:\/\/www.tonisson.ee\/wp-content\/uploads\/2025\/03\/eramute-aerofoto-e1742374239931.jpg","contentUrl":"https:\/\/www.tonisson.ee\/wp-content\/uploads\/2025\/03\/eramute-aerofoto-e1742374239931.jpg","width":2300,"height":1725},{"@type":"BreadcrumbList","@id":"https:\/\/www.tonisson.ee\/fi\/meista\/#breadcrumb","itemListElement":[{"@type":"ListItem","position":1,"name":"Home","item":"https:\/\/www.tonisson.ee\/fi\/"},{"@type":"ListItem","position":2,"name":"Tietoa meist\u00e4"}]},{"@type":"WebSite","@id":"https:\/\/www.tonisson.ee\/fi\/#website","url":"https:\/\/www.tonisson.ee\/fi\/","name":"Tonisson","description":"Just another WordPress site","potentialAction":[{"@type":"SearchAction","target":{"@type":"EntryPoint","urlTemplate":"https:\/\/www.tonisson.ee\/fi\/?s={search_term_string}"},"query-input":{"@type":"PropertyValueSpecification","valueRequired":true,"valueName":"search_term_string"}}],"inLanguage":"fi"}]}},"_links":{"self":[{"href":"https:\/\/www.tonisson.ee\/fi\/wp-json\/wp\/v2\/pages\/1485","targetHints":{"allow":["GET"]}}],"collection":[{"href":"https:\/\/www.tonisson.ee\/fi\/wp-json\/wp\/v2\/pages"}],"about":[{"href":"https:\/\/www.tonisson.ee\/fi\/wp-json\/wp\/v2\/types\/page"}],"author":[{"embeddable":true,"href":"https:\/\/www.tonisson.ee\/fi\/wp-json\/wp\/v2\/users\/1"}],"replies":[{"embeddable":true,"href":"https:\/\/www.tonisson.ee\/fi\/wp-json\/wp\/v2\/comments?post=1485"}],"version-history":[{"count":9,"href":"https:\/\/www.tonisson.ee\/fi\/wp-json\/wp\/v2\/pages\/1485\/revisions"}],"predecessor-version":[{"id":2189,"href":"https:\/\/www.tonisson.ee\/fi\/wp-json\/wp\/v2\/pages\/1485\/revisions\/2189"}],"wp:featuredmedia":[{"embeddable":true,"href":"https:\/\/www.tonisson.ee\/fi\/wp-json\/wp\/v2\/media\/1969"}],"wp:attachment":[{"href":"https:\/\/www.tonisson.ee\/fi\/wp-json\/wp\/v2\/media?parent=1485"}],"curies":[{"name":"wp","href":"https:\/\/api.w.org\/{rel}","templated":true}]}}