{"id":1458,"date":"2025-01-03T11:59:45","date_gmt":"2025-01-03T11:59:45","guid":{"rendered":"https:\/\/dev.tonisson.ee\/muista\/haluatko-vuokrata\/"},"modified":"2025-01-06T11:50:36","modified_gmt":"2025-01-06T11:50:36","slug":"haluatko-vuokrata","status":"publish","type":"page","link":"https:\/\/www.tonisson.ee\/fi\/muista\/haluatko-vuokrata\/","title":{"rendered":"HALUATKO VUOKRATA?"},"content":{"rendered":"<h4>T\u00e4yt\u00e4 seuraavat kent\u00e4t l\u00e4hett\u00e4\u00e4ksesi vuokrauspyynt\u00f6si asiantuntijoillemme, ja sinuun otetaan yhteytt\u00e4.<\/h4>\n<div class=\"wpcf7 no-js\" id=\"wpcf7-f1771-o1\" lang=\"et\" dir=\"ltr\" data-wpcf7-id=\"1771\">\n<div class=\"screen-reader-response\">\n<p role=\"status\" aria-live=\"polite\" aria-atomic=\"true\">\n<ul><\/ul>\n<\/div>\n<form action=\"\/fi\/wp-json\/wp\/v2\/pages\/1458#wpcf7-f1771-o1\" method=\"post\" class=\"wpcf7-form init\" aria-label=\"Contact form\" novalidate=\"novalidate\" data-status=\"init\">\n<fieldset class=\"hidden-fields-container\"><input type=\"hidden\" name=\"_wpcf7\" value=\"1771\" \/><input type=\"hidden\" name=\"_wpcf7_version\" value=\"6.1.5\" \/><input type=\"hidden\" name=\"_wpcf7_locale\" value=\"et\" \/><input type=\"hidden\" name=\"_wpcf7_unit_tag\" value=\"wpcf7-f1771-o1\" \/><input type=\"hidden\" name=\"_wpcf7_container_post\" value=\"0\" \/><input type=\"hidden\" name=\"_wpcf7_posted_data_hash\" value=\"\" \/><input type=\"hidden\" name=\"_wpcf7_recaptcha_response\" value=\"\" \/><br \/>\n<\/fieldset>\n<div class=\"row\">\n<div class=\"col-md-4\">\n<p><label>Nimi:<\/label><span class=\"wpcf7-form-control-wrap\" data-name=\"your-name\"><input size=\"40\" maxlength=\"400\" class=\"wpcf7-form-control wpcf7-text wpcf7-validates-as-required form-control\" aria-required=\"true\" aria-invalid=\"false\" value=\"\" type=\"text\" name=\"your-name\" \/><\/span><br \/>\n<label>Puhelin:<\/label><span class=\"wpcf7-form-control-wrap\" data-name=\"your-phone\"><input size=\"40\" maxlength=\"400\" class=\"wpcf7-form-control wpcf7-tel wpcf7-validates-as-required wpcf7-text wpcf7-validates-as-tel form-control\" aria-required=\"true\" aria-invalid=\"false\" value=\"\" type=\"tel\" name=\"your-phone\" \/><\/span><br \/>\n<label>S\u00e4hk\u00f6posti:<\/label><span class=\"wpcf7-form-control-wrap\" data-name=\"your-email\"><input size=\"40\" maxlength=\"400\" class=\"wpcf7-form-control wpcf7-email wpcf7-validates-as-required wpcf7-text wpcf7-validates-as-email form-control\" aria-required=\"true\" aria-invalid=\"false\" value=\"\" type=\"email\" name=\"your-email\" \/><\/span><br \/>\n<label>Alue:<\/label><span class=\"wpcf7-form-control-wrap\" data-name=\"object-region\"><select class=\"wpcf7-form-control wpcf7-select wpcf7-validates-as-required form-control\" aria-required=\"true\" aria-invalid=\"false\" name=\"object-region\"><option value=\"\"><\/option><option value=\"Tallinna\">Tallinna<\/option><option value=\"P\u00e4rnu\">P\u00e4rnu<\/option><option value=\"Tartto\">Tartto<\/option><option value=\"--------\">--------<\/option><option value=\"Harjumaa\">Harjumaa<\/option><option value=\"Hiidenmaa\">Hiidenmaa<\/option><option value=\"It\u00e4-Virumaa\">It\u00e4-Virumaa<\/option><option value=\"J\u00f5gevamaa\">J\u00f5gevamaa<\/option><option value=\"J\u00e4rvamaa\">J\u00e4rvamaa<\/option><option value=\"L\u00e4\u00e4nemaa\">L\u00e4\u00e4nemaa<\/option><option value=\"L\u00e4nsi-Virumaa\">L\u00e4nsi-Virumaa<\/option><option value=\"P\u00f5lvamaa\">P\u00f5lvamaa<\/option><option value=\"P\u00e4rnumaa\">P\u00e4rnumaa<\/option><option value=\"Raplamaa\">Raplamaa<\/option><option value=\"Saarenmaa\">Saarenmaa<\/option><option value=\"Tartumaa\">Tartumaa<\/option><option value=\"Valgamaa\">Valgamaa<\/option><option value=\"Viljandimaa\">Viljandimaa<\/option><option value=\"V\u00f5rumaa\">V\u00f5rumaa<\/option><\/select><\/span>\n\t\t<\/p>\n<\/p><\/div>\n<div class=\"col-md-4\">\n<p><label>Kohteen tyyppi:<\/label><span class=\"wpcf7-form-control-wrap\" data-name=\"object-type\"><select class=\"wpcf7-form-control wpcf7-select wpcf7-validates-as-required form-control\" aria-required=\"true\" aria-invalid=\"false\" name=\"object-type\"><option value=\"\"><\/option><option value=\"Talo\">Talo<\/option><option value=\"Asunto\">Asunto<\/option><option value=\"Osa talosta\">Osa talosta<\/option><option value=\"Maa tai tontti\">Maa tai tontti<\/option><option value=\"Liikehuoneisto\">Liikehuoneisto<\/option><option value=\"Autotalli\">Autotalli<\/option><\/select><\/span><br \/>\n<label>Huoneiden lukum\u00e4\u00e4r\u00e4:<\/label><span class=\"wpcf7-form-control-wrap\" data-name=\"room-number\"><input size=\"40\" maxlength=\"400\" class=\"wpcf7-form-control wpcf7-text wpcf7-validates-as-required form-control\" aria-required=\"true\" aria-invalid=\"false\" value=\"\" type=\"text\" name=\"room-number\" \/><\/span><br \/>\n<label>Maksimi kerros:<\/label><span class=\"wpcf7-form-control-wrap\" data-name=\"floor\"><input size=\"40\" maxlength=\"400\" class=\"wpcf7-form-control wpcf7-text wpcf7-validates-as-required form-control\" aria-required=\"true\" aria-invalid=\"false\" value=\"\" type=\"text\" name=\"floor\" \/><\/span><br \/>\n<label>Maksimi kokonaispinta-ala:<\/label><span class=\"wpcf7-form-control-wrap\" data-name=\"total-area\"><input size=\"40\" maxlength=\"400\" class=\"wpcf7-form-control wpcf7-text wpcf7-validates-as-required form-control\" aria-required=\"true\" aria-invalid=\"false\" value=\"\" type=\"text\" name=\"total-area\" \/><\/span>\n\t\t<\/p>\n<\/p><\/div>\n<div class=\"col-md-4\">\n<div class=\"row\">\n<div class=\"col-md-12\">\n<p><label>Vuokra-aika:<\/label><span class=\"wpcf7-form-control-wrap\" data-name=\"rental-period\"><input size=\"40\" maxlength=\"400\" class=\"wpcf7-form-control wpcf7-text wpcf7-validates-as-required form-control\" aria-required=\"true\" aria-invalid=\"false\" value=\"\" type=\"text\" name=\"rental-period\" \/><\/span>\n\t\t\t\t<\/p>\n<\/p><\/div>\n<div class=\"col-md-12\">\n<p><span class=\"wpcf7-form-control-wrap\" data-name=\"additional-info\"><textarea cols=\"40\" rows=\"10\" maxlength=\"2000\" class=\"wpcf7-form-control wpcf7-textarea smallarea form-control\" aria-invalid=\"false\" placeholder=\"Lis\u00e4tietoja\" name=\"additional-info\"><\/textarea><\/span>\n\t\t\t\t<\/p>\n<\/p><\/div>\n<\/p><\/div>\n<div class=\"form-group text-right\">\n<p><input class=\"wpcf7-form-control wpcf7-submit has-spinner btn-lg btn\" type=\"submit\" value=\"L\u00e4het\u00e4\" \/>\n\t\t\t<\/p>\n<\/p><\/div>\n<\/p><\/div>\n<\/div>\n<div class=\"wpcf7-response-output\" aria-hidden=\"true\"><\/div>\n<\/form>\n<\/div>\n","protected":false},"excerpt":{"rendered":"<p>T\u00e4yt\u00e4 seuraavat kent\u00e4t l\u00e4hett\u00e4\u00e4ksesi vuokrauspyynt\u00f6si asiantuntijoillemme, ja sinuun otetaan yhteytt\u00e4.<\/p>\n","protected":false},"author":1,"featured_media":1438,"parent":1450,"menu_order":40,"comment_status":"closed","ping_status":"closed","template":"","meta":{"_acf_changed":false,"footnotes":"","_links_to":"","_links_to_target":""},"class_list":["post-1458","page","type-page","status-publish","has-post-thumbnail","hentry"],"acf":[],"yoast_head":"<!-- This site is optimized with the Yoast SEO plugin v27.2 - https:\/\/yoast.com\/product\/yoast-seo-wordpress\/ -->\n<title>HALUATKO VUOKRATA? - T&otilde;nisson<\/title>\n<meta name=\"robots\" content=\"index, follow, max-snippet:-1, max-image-preview:large, max-video-preview:-1\" \/>\n<link rel=\"canonical\" href=\"https:\/\/www.tonisson.ee\/fi\/muista\/haluatko-vuokrata\/\" \/>\n<meta property=\"og:locale\" content=\"fi_FI\" \/>\n<meta property=\"og:type\" content=\"article\" \/>\n<meta property=\"og:title\" content=\"HALUATKO VUOKRATA? - T&otilde;nisson\" \/>\n<meta property=\"og:description\" content=\"T\u00e4yt\u00e4 seuraavat kent\u00e4t l\u00e4hett\u00e4\u00e4ksesi vuokrauspyynt\u00f6si asiantuntijoillemme, ja sinuun otetaan yhteytt\u00e4.\" \/>\n<meta property=\"og:url\" content=\"https:\/\/www.tonisson.ee\/fi\/muista\/haluatko-vuokrata\/\" \/>\n<meta property=\"og:site_name\" content=\"T&otilde;nisson\" \/>\n<meta property=\"article:modified_time\" content=\"2025-01-06T11:50:36+00:00\" \/>\n<meta property=\"og:image\" content=\"https:\/\/www.tonisson.ee\/wp-content\/uploads\/2015\/08\/Meist-Hindamised.jpg\" \/>\n\t<meta property=\"og:image:width\" content=\"2545\" \/>\n\t<meta property=\"og:image:height\" content=\"746\" \/>\n\t<meta property=\"og:image:type\" content=\"image\/jpeg\" \/>\n<meta name=\"twitter:card\" content=\"summary_large_image\" \/>\n<script type=\"application\/ld+json\" class=\"yoast-schema-graph\">{\"@context\":\"https:\/\/schema.org\",\"@graph\":[{\"@type\":\"WebPage\",\"@id\":\"https:\/\/www.tonisson.ee\/fi\/muista\/haluatko-vuokrata\/\",\"url\":\"https:\/\/www.tonisson.ee\/fi\/muista\/haluatko-vuokrata\/\",\"name\":\"HALUATKO VUOKRATA? - T&otilde;nisson\",\"isPartOf\":{\"@id\":\"https:\/\/www.tonisson.ee\/fi\/#website\"},\"primaryImageOfPage\":{\"@id\":\"https:\/\/www.tonisson.ee\/fi\/muista\/haluatko-vuokrata\/#primaryimage\"},\"image\":{\"@id\":\"https:\/\/www.tonisson.ee\/fi\/muista\/haluatko-vuokrata\/#primaryimage\"},\"thumbnailUrl\":\"https:\/\/www.tonisson.ee\/wp-content\/uploads\/2015\/08\/Meist-Hindamised.jpg\",\"datePublished\":\"2025-01-03T11:59:45+00:00\",\"dateModified\":\"2025-01-06T11:50:36+00:00\",\"breadcrumb\":{\"@id\":\"https:\/\/www.tonisson.ee\/fi\/muista\/haluatko-vuokrata\/#breadcrumb\"},\"inLanguage\":\"fi\",\"potentialAction\":[{\"@type\":\"ReadAction\",\"target\":[\"https:\/\/www.tonisson.ee\/fi\/muista\/haluatko-vuokrata\/\"]}]},{\"@type\":\"ImageObject\",\"inLanguage\":\"fi\",\"@id\":\"https:\/\/www.tonisson.ee\/fi\/muista\/haluatko-vuokrata\/#primaryimage\",\"url\":\"https:\/\/www.tonisson.ee\/wp-content\/uploads\/2015\/08\/Meist-Hindamised.jpg\",\"contentUrl\":\"https:\/\/www.tonisson.ee\/wp-content\/uploads\/2015\/08\/Meist-Hindamised.jpg\",\"width\":2545,\"height\":746},{\"@type\":\"BreadcrumbList\",\"@id\":\"https:\/\/www.tonisson.ee\/fi\/muista\/haluatko-vuokrata\/#breadcrumb\",\"itemListElement\":[{\"@type\":\"ListItem\",\"position\":1,\"name\":\"Home\",\"item\":\"https:\/\/www.tonisson.ee\/fi\/\"},{\"@type\":\"ListItem\",\"position\":2,\"name\":\"MUISTA\",\"item\":\"https:\/\/www.tonisson.ee\/fi\/muista\/\"},{\"@type\":\"ListItem\",\"position\":3,\"name\":\"HALUATKO VUOKRATA?\"}]},{\"@type\":\"WebSite\",\"@id\":\"https:\/\/www.tonisson.ee\/fi\/#website\",\"url\":\"https:\/\/www.tonisson.ee\/fi\/\",\"name\":\"Tonisson\",\"description\":\"Just another WordPress site\",\"potentialAction\":[{\"@type\":\"SearchAction\",\"target\":{\"@type\":\"EntryPoint\",\"urlTemplate\":\"https:\/\/www.tonisson.ee\/fi\/?s={search_term_string}\"},\"query-input\":{\"@type\":\"PropertyValueSpecification\",\"valueRequired\":true,\"valueName\":\"search_term_string\"}}],\"inLanguage\":\"fi\"}]}<\/script>\n<!-- \/ Yoast SEO plugin. -->","yoast_head_json":{"title":"HALUATKO VUOKRATA? - T&otilde;nisson","robots":{"index":"index","follow":"follow","max-snippet":"max-snippet:-1","max-image-preview":"max-image-preview:large","max-video-preview":"max-video-preview:-1"},"canonical":"https:\/\/www.tonisson.ee\/fi\/muista\/haluatko-vuokrata\/","og_locale":"fi_FI","og_type":"article","og_title":"HALUATKO VUOKRATA? - T&otilde;nisson","og_description":"T\u00e4yt\u00e4 seuraavat kent\u00e4t l\u00e4hett\u00e4\u00e4ksesi vuokrauspyynt\u00f6si asiantuntijoillemme, ja sinuun otetaan yhteytt\u00e4.","og_url":"https:\/\/www.tonisson.ee\/fi\/muista\/haluatko-vuokrata\/","og_site_name":"T&otilde;nisson","article_modified_time":"2025-01-06T11:50:36+00:00","og_image":[{"width":2545,"height":746,"url":"https:\/\/www.tonisson.ee\/wp-content\/uploads\/2015\/08\/Meist-Hindamised.jpg","type":"image\/jpeg"}],"twitter_card":"summary_large_image","schema":{"@context":"https:\/\/schema.org","@graph":[{"@type":"WebPage","@id":"https:\/\/www.tonisson.ee\/fi\/muista\/haluatko-vuokrata\/","url":"https:\/\/www.tonisson.ee\/fi\/muista\/haluatko-vuokrata\/","name":"HALUATKO VUOKRATA? - T&otilde;nisson","isPartOf":{"@id":"https:\/\/www.tonisson.ee\/fi\/#website"},"primaryImageOfPage":{"@id":"https:\/\/www.tonisson.ee\/fi\/muista\/haluatko-vuokrata\/#primaryimage"},"image":{"@id":"https:\/\/www.tonisson.ee\/fi\/muista\/haluatko-vuokrata\/#primaryimage"},"thumbnailUrl":"https:\/\/www.tonisson.ee\/wp-content\/uploads\/2015\/08\/Meist-Hindamised.jpg","datePublished":"2025-01-03T11:59:45+00:00","dateModified":"2025-01-06T11:50:36+00:00","breadcrumb":{"@id":"https:\/\/www.tonisson.ee\/fi\/muista\/haluatko-vuokrata\/#breadcrumb"},"inLanguage":"fi","potentialAction":[{"@type":"ReadAction","target":["https:\/\/www.tonisson.ee\/fi\/muista\/haluatko-vuokrata\/"]}]},{"@type":"ImageObject","inLanguage":"fi","@id":"https:\/\/www.tonisson.ee\/fi\/muista\/haluatko-vuokrata\/#primaryimage","url":"https:\/\/www.tonisson.ee\/wp-content\/uploads\/2015\/08\/Meist-Hindamised.jpg","contentUrl":"https:\/\/www.tonisson.ee\/wp-content\/uploads\/2015\/08\/Meist-Hindamised.jpg","width":2545,"height":746},{"@type":"BreadcrumbList","@id":"https:\/\/www.tonisson.ee\/fi\/muista\/haluatko-vuokrata\/#breadcrumb","itemListElement":[{"@type":"ListItem","position":1,"name":"Home","item":"https:\/\/www.tonisson.ee\/fi\/"},{"@type":"ListItem","position":2,"name":"MUISTA","item":"https:\/\/www.tonisson.ee\/fi\/muista\/"},{"@type":"ListItem","position":3,"name":"HALUATKO VUOKRATA?"}]},{"@type":"WebSite","@id":"https:\/\/www.tonisson.ee\/fi\/#website","url":"https:\/\/www.tonisson.ee\/fi\/","name":"Tonisson","description":"Just another WordPress site","potentialAction":[{"@type":"SearchAction","target":{"@type":"EntryPoint","urlTemplate":"https:\/\/www.tonisson.ee\/fi\/?s={search_term_string}"},"query-input":{"@type":"PropertyValueSpecification","valueRequired":true,"valueName":"search_term_string"}}],"inLanguage":"fi"}]}},"_links":{"self":[{"href":"https:\/\/www.tonisson.ee\/fi\/wp-json\/wp\/v2\/pages\/1458","targetHints":{"allow":["GET"]}}],"collection":[{"href":"https:\/\/www.tonisson.ee\/fi\/wp-json\/wp\/v2\/pages"}],"about":[{"href":"https:\/\/www.tonisson.ee\/fi\/wp-json\/wp\/v2\/types\/page"}],"author":[{"embeddable":true,"href":"https:\/\/www.tonisson.ee\/fi\/wp-json\/wp\/v2\/users\/1"}],"replies":[{"embeddable":true,"href":"https:\/\/www.tonisson.ee\/fi\/wp-json\/wp\/v2\/comments?post=1458"}],"version-history":[{"count":2,"href":"https:\/\/www.tonisson.ee\/fi\/wp-json\/wp\/v2\/pages\/1458\/revisions"}],"predecessor-version":[{"id":1797,"href":"https:\/\/www.tonisson.ee\/fi\/wp-json\/wp\/v2\/pages\/1458\/revisions\/1797"}],"up":[{"embeddable":true,"href":"https:\/\/www.tonisson.ee\/fi\/wp-json\/wp\/v2\/pages\/1450"}],"wp:featuredmedia":[{"embeddable":true,"href":"https:\/\/www.tonisson.ee\/fi\/wp-json\/wp\/v2\/media\/1438"}],"wp:attachment":[{"href":"https:\/\/www.tonisson.ee\/fi\/wp-json\/wp\/v2\/media?parent=1458"}],"curies":[{"name":"wp","href":"https:\/\/api.w.org\/{rel}","templated":true}]}}