{"id":35,"date":"2015-08-06T12:26:53","date_gmt":"2015-08-06T12:26:53","guid":{"rendered":"http:\/\/www.tonisson.ee\/sisuleht\/?lang=en"},"modified":"2025-12-17T15:32:59","modified_gmt":"2025-12-17T13:32:59","slug":"about","status":"publish","type":"page","link":"https:\/\/www.tonisson.ee\/en\/about\/","title":{"rendered":"About us"},"content":{"rendered":"<section class=\"fw-main-row \">\n<div class=\"fw-container\">\n<div class=\"fw-row\">\n<div class=\"fw-col-xs-12\">\n<div class=\"row\">\n<div class=\"col-sm-12\">\n<ul class=\"anchor-links\">\n<li><a href=\"#suuremadarendused\">Major developments<\/a><\/li>\n<li><a href=\"#suuremadobjektid\">Larger objects<\/a><\/li>\n<li><a href=\"#sponsorlus\">Sponsorship<\/a><\/li>\n<li><a href=\"#varia\">Miscellaneous<\/a><\/li>\n<\/ul>\n<\/div>\n<\/div>\n<\/div>\n<\/div>\n<div class=\"fw-row\">\n<div class=\"fw-col-xs-12\">\n<h4>T\u00f5nisson Kinnisvara offers the best real estate sales brokerage and valuation services in P\u00e4rnu County, L\u00e4\u00e4nemaa.<\/h4>\n<h3>Since 1992, we have been dedicated to ensuring the profitable sale and rental of our clients\u2019 real estate. We work with property owners, buyers, investors, tenants, municipalities and financial institutions to provide solutions that work for the market. <\/h3>\n<h4>Property owners turn to us when.<\/h4>\n<ul>\n<li>they are looking for the best intermediary service (brokerage) combined with competent and up-to-date market analysis;<\/li>\n<li>they are frustrated with their current sales representative who does not deliver on promises, does not communicate or is not active;<\/li>\n<li>they are worried about loss of income due to lack of time and inability to choose the right selling price, time and market channels for their property;<\/li>\n<li>they are fed up with selling their property themselves and showing it to more and more people who don&#8217;t buy it;<\/li>\n<li>do not have the time, skills or will to deal with the sale or rental of their own property;<\/li>\n<li>they do not get the maximum return from selling their own property because they do not have sufficient market knowledge or top sales agent skills;<\/li>\n<li>they are looking for a well-integrated and convenient brokerage service combining sales support from highly experienced professionals with up-to-date market situation and marketing analysis;<\/li>\n<li>they look for maximum profitability and minimum vacancy when realising or renting out their business assets.<\/li>\n<li>They are afraid that by selling the property themselves, the profitability of the property may remain low over time and the costs of a long sales period may become high;<\/li>\n<li>they need professional and honest advice on the market value of their property;<\/li>\n<li>they need a professional appraiser to provide a competent expert opinion to a financial institution, company, court or to administer an estate;<\/li>\n<\/ul>\n<h4>Through our specialists&#8217; long experience, we offer the best integrated real estate services, including first-class sales brokerage, valuation, consultancy, development and management services. Our services always ensure time and cost savings for our clients and, given the time value of money, the best profitability. <\/h4>\n<h4>T\u00f5nisson Kinnisvara&#8217;s unified sales team is able to offer solutions that really work in the market because we are different from other service providers:<\/h4>\n<ul>\n<li>we are the longest established real estate agency offering a complete real estate service;<\/li>\n<li>we always take the customer&#8217;s interests into account and offer suitable and flexible options;<\/li>\n<li>no one sells and communicates better than we do, it&#8217;s our core skill;<\/li>\n<li>we achieve maximum results in minimum time;<\/li>\n<li>each of our clients is assisted by the best specialists in Estonia who speak foreign languages, including professionally certified real estate brokers, valuers and property managers, who have received the best training in the field, and whose level is raised through annual training;<\/li>\n<li>We are very easy to work with because the client doesn&#8217;t have to do anything special, they just expect results;<\/li>\n<li>we take it to heart and take it personally. Our income depends on how effectively we sell your property; <\/li>\n<li>We are always honest with our clients and ourselves when valuing property and giving advice;<\/li>\n<li>In managing our real estate, we strive to create the best living environment for future generations;<\/li>\n<li>our customers never leave us. And even some who have left have come back. <\/li>\n<\/ul>\n<h3>The T\u00f5nisson Kinnisvara trademark &#8211; a matter-of-fact and determined, yet witty man of the house has always been a good companion throughout history.<\/h3>\n<\/div>\n<\/div>\n<div class=\"fw-row\">\n<div class=\"fw-col-xs-12\">\n<div id=\"suuremadarendused\">\n<h2>Major developments<\/h2>\n<\/div>\n<\/div>\n<div class=\"fw-row\">\n<div class=\"fw-col-xs-12 fw-col-sm-3\"><img decoding=\"async\" class=\"alignleft\" src=\"\/\/tonisson.ee\/wp-content\/uploads\/2015\/08\/Uuejoe.jpg\" alt=\"\/\/tonisson.ee\/wp-content\/uploads\/2015\/08\/Uuejoe.jpg\"><\/p>\n<p style=\"text-align: center;\"><strong>Uuej\u00f5e residential area in P\u00e4rnu. Energy efficient apartments in the city centre. <\/strong><\/p>\n<\/div>\n<div class=\"fw-col-xs-12 fw-col-sm-3\"><img decoding=\"async\" class=\"aligncenter\" src=\"\/\/tonisson.ee\/wp-content\/uploads\/2015\/08\/Ruutli55.jpg\" alt=\"\/\/tonisson.ee\/wp-content\/uploads\/2015\/08\/Ruutli55.jpg\"><\/p>\n<p style=\"text-align: center;\"><strong>R\u00fc\u00fctli 55 in P\u00e4rnu.<br \/>\nHistoric apartments in the Old Town. <\/strong><\/p>\n<\/div>\n<div class=\"fw-col-xs-12 fw-col-sm-3\"><img decoding=\"async\" class=\"alignright\" src=\"\/\/tonisson.ee\/wp-content\/uploads\/2015\/08\/Tartu-0091.jpg\" alt=\"\/\/tonisson.ee\/wp-content\/uploads\/2015\/08\/Tartu-0091.jpg\"><\/p>\n<p style=\"text-align: center;\"><strong>Ujula 2a in Tartu.<br \/>\nNew apartments with balconies above the Emaj\u00f5gi River. <\/strong><\/p>\n<\/div>\n<div class=\"fw-col-xs-12 fw-col-sm-3\"><img decoding=\"async\" src=\"\/\/tonisson.ee\/wp-content\/uploads\/2015\/08\/hurda-esileh3t1.jpg\" alt=\"\/\/tonisson.ee\/wp-content\/uploads\/2015\/08\/hurda-esileh3t1.jpg\"><\/p>\n<p style=\"text-align: center;\"><strong>Hurda 34 \/ N\u00e4ituse 27 in Tartu.<br \/>\nNew apartment buildings in T\u00e4htvere. <\/strong><\/p>\n<\/div>\n<\/div>\n<div class=\"fw-row\">\n<div class=\"fw-col-xs-12\">\n<div id=\"suuremadobjektid\">\n<h2>Larger objects<\/h2>\n<\/div>\n<\/div>\n<div class=\"fw-row\">\n<div class=\"fw-col-xs-12 fw-col-sm-3\"><img decoding=\"async\" src=\"\/\/tonisson.ee\/wp-content\/uploads\/2015\/08\/Tammsaare22.jpg\" alt=\"\/\/tonisson.ee\/wp-content\/uploads\/2015\/08\/Tammsaare22.jpg\"><\/p>\n<p style=\"text-align: center;\"><strong>Apartment house with large roof terraces in P\u00e4rnu coastal area.  <\/strong><\/p>\n<\/div>\n<div class=\"fw-col-xs-12 fw-col-sm-3\"><img decoding=\"async\" src=\"\/\/tonisson.ee\/wp-content\/uploads\/2015\/08\/Tui1-vaike.jpg\" alt=\"\/\/tonisson.ee\/wp-content\/uploads\/2015\/08\/Tui1-vaike.jpg\"><\/p>\n<p style=\"text-align: center;\"><strong>Energy efficient apartment building with heat meters in the centre of P\u00e4rnu.  <\/strong><\/p>\n<\/div>\n<div class=\"fw-col-xs-12 fw-col-sm-3\"><img decoding=\"async\" src=\"\/\/tonisson.ee\/wp-content\/uploads\/2015\/08\/Tartu-0105.jpg\" alt=\"\/\/tonisson.ee\/wp-content\/uploads\/2015\/08\/Tartu-0105.jpg\"><\/p>\n<p style=\"text-align: center;\"><strong>Kroonuaia 29 in Tartu.<br \/>\nHigh-quality apartment buildings in the city centre. <\/strong><\/p>\n<\/div>\n<div class=\"fw-col-xs-12 fw-col-sm-3\"><img decoding=\"async\" src=\"\/\/tonisson.ee\/wp-content\/uploads\/2015\/08\/liiva2c.gif\" alt=\"\/\/tonisson.ee\/wp-content\/uploads\/2015\/08\/liiva2c.gif\"><\/p>\n<p style=\"text-align: center;\"><strong>Liiva 2c in P\u00e4rnu.<br \/>\nComfortable apartments in the city centre. <\/strong><\/p>\n<\/div>\n<\/div>\n<div class=\"fw-row\">\n<div class=\"fw-col-xs-12\">\n<div id=\"sponsorlus\">\n<h2>Sponsorship<\/h2>\n<\/div>\n<\/div>\n<div class=\"fw-row\">\n<div class=\"fw-col-xs-12 fw-col-sm-3\"><a href=\"https:\/\/www.facebook.com\/tonissonkinnisvara\/photos\/a.131480280239692.26901.131309870256733\/1399751430079231\/?type=3&amp;theater\" target=\"_blank\" rel=\"noopener\"><img decoding=\"async\" src=\"\/\/tonisson.ee\/wp-content\/uploads\/2015\/08\/Loomade-varjupaik.jpg\" alt=\"\/\/tonisson.ee\/wp-content\/uploads\/2015\/08\/Loomade-varjupaik.jpg\"><\/a><\/p>\n<p style=\"text-align: center;\"><strong>Supporter of P\u00e4rnu Animal Shelter.  <\/strong><\/p>\n<\/div>\n<div class=\"fw-col-xs-12 fw-col-sm-3\"><a href=\"https:\/\/www.facebook.com\/kahesillaklubi\/\" target=\"_blank\" rel=\"noopener\"><img decoding=\"async\" src=\"\/\/tonisson.ee\/wp-content\/uploads\/2015\/08\/Jaansoni-jooks.jpg\" alt=\"\/\/tonisson.ee\/wp-content\/uploads\/2015\/08\/Jaansoni-jooks.jpg\"><\/a><\/p>\n<p style=\"text-align: center;\"><strong>Supporter of the organiser of the Two Bridges Club running series.  <\/strong><\/p>\n<\/div>\n<div class=\"fw-col-xs-12 fw-col-sm-3\"><a href=\"https:\/\/www.facebook.com\/tartumaraton\/?fref=ts\" target=\"_blank\" rel=\"noopener\"><img decoding=\"async\" src=\"\/\/tonisson.ee\/wp-content\/uploads\/2015\/08\/TartuMaraton.jpg\" alt=\"\/\/tonisson.ee\/wp-content\/uploads\/2015\/08\/TartuMaraton.jpg\"><\/a><\/p>\n<p style=\"text-align: center;\"><strong>Long-time supporter of the Tartu Marathon.  <\/strong><\/p>\n<\/div>\n<div class=\"fw-col-xs-12 fw-col-sm-3\"><img decoding=\"async\" src=\"\/\/tonisson.ee\/wp-content\/uploads\/2015\/08\/Suusasari2016aa.jpg\" alt=\"\/\/tonisson.ee\/wp-content\/uploads\/2015\/08\/Suusasari2016aa.jpg\"><\/p>\n<p style=\"text-align: center;\"><strong>Supporter of the P\u00e4rnu city grassroots skiing series<\/strong><\/p>\n<\/div>\n<\/div>\n<div class=\"fw-row\">\n<div class=\"fw-col-xs-12\">\n<div id=\"varia\">\n<h2>Miscellaneous<\/h2>\n<\/div>\n<\/div>\n<div class=\"fw-row\">\n<div class=\"fw-col-xs-12 fw-col-sm-3\"><img decoding=\"async\" src=\"\/\/tonisson.ee\/wp-content\/uploads\/2015\/08\/Kontor-R%C3%BC%C3%BCtli-47-2017-05463-v%C3%A4iksem.jpg\" alt=\"\/\/tonisson.ee\/wp-content\/uploads\/2015\/08\/Kontor-R\u00fc\u00fctli-47-2017-05463-v\u00e4iksem.jpg\"><\/p>\n<p style=\"text-align: center;\"><strong>From 2017 we will be accepting P\u00e4rnu clients in a new modern office space on the first floor of R\u00fc\u00fctli tn 47.<\/strong><\/p>\n<\/div>\n<div class=\"fw-col-xs-12 fw-col-sm-3\"><img decoding=\"async\" src=\"\/\/tonisson.ee\/wp-content\/uploads\/2015\/08\/Kontor-R%C3%BC%C3%BCtli-47-2017-05477-v%C3%A4iksem.jpg\" alt=\"\/\/tonisson.ee\/wp-content\/uploads\/2015\/08\/Kontor-R\u00fc\u00fctli-47-2017-05477-v\u00e4iksem.jpg\"><\/p>\n<p style=\"text-align: center;\"><strong>A logo that has stood the test of time has found a new guise and a place of dignity.<\/strong><\/p>\n<\/div>\n<div class=\"fw-col-xs-12 fw-col-sm-3\"><img decoding=\"async\" src=\"\/\/tonisson.ee\/wp-content\/uploads\/2015\/08\/Hirvensalmi-Mikkeli-2017-0500.jpg\" alt=\"\/\/tonisson.ee\/wp-content\/uploads\/2015\/08\/Hirvensalmi-Mikkeli-2017-0500.jpg\"><\/p>\n<p style=\"text-align: center;\"><strong>Training trip to the Finnish Housing Fair 2017, where we got to know the style of new homes and Mikkeli.<\/strong><\/p>\n<\/div>\n<div class=\"fw-col-xs-12 fw-col-sm-3\"><img decoding=\"async\" src=\"\/\/tonisson.ee\/wp-content\/uploads\/2015\/08\/Augustiunetus.jpg\" alt=\"\/\/tonisson.ee\/wp-content\/uploads\/2015\/08\/Augustiunetus.jpg\"><\/p>\n<p style=\"text-align: center;\"><strong>We participated in the P\u00e4rnu August Festival with our own caf\u00e9 to donate proceeds to the Animal Shelter.<\/strong><\/p>\n<\/div>\n<\/div>\n<div class=\"fw-row\">\n<div class=\"fw-col-xs-12 fw-col-sm-3\">\n<p style=\"text-align: center;\">\n<\/div>\n<\/div>\n<\/div>\n<\/div>\n<\/div>\n<\/div>\n<\/div>\n<\/section>\n<p><!-- 260d6cbb13f33beb7c7f4c5a5496aabe --><\/p>\n\n<p class=\"meist-page\"><\/p>\n","protected":false},"excerpt":{"rendered":"<p>Major developments Larger objects Sponsorship Miscellaneous T\u00f5nisson Kinnisvara offers the best real estate sales brokerage and valuation services in P\u00e4rnu County, L\u00e4\u00e4nemaa. Since 1992, we have been dedicated to ensuring the profitable sale and rental of our clients\u2019 real estate. We work with property owners, buyers, investors, tenants, municipalities and financial institutions to provide solutions [&hellip;]<\/p>\n","protected":false},"author":1,"featured_media":1968,"parent":0,"menu_order":0,"comment_status":"closed","ping_status":"closed","template":"","meta":{"_acf_changed":false,"footnotes":"","_links_to":"","_links_to_target":""},"class_list":["post-35","page","type-page","status-publish","has-post-thumbnail","hentry"],"acf":[],"yoast_head":"<!-- This site is optimized with the Yoast SEO plugin v27.4 - https:\/\/yoast.com\/product\/yoast-seo-wordpress\/ -->\n<title>About us - T&otilde;nisson<\/title>\n<meta name=\"robots\" content=\"index, follow, max-snippet:-1, max-image-preview:large, max-video-preview:-1\" \/>\n<link rel=\"canonical\" href=\"https:\/\/www.tonisson.ee\/en\/about\/\" \/>\n<meta property=\"og:locale\" content=\"en_US\" \/>\n<meta property=\"og:type\" content=\"article\" \/>\n<meta property=\"og:title\" content=\"About us - T&otilde;nisson\" \/>\n<meta property=\"og:description\" content=\"Major developments Larger objects Sponsorship Miscellaneous T\u00f5nisson Kinnisvara offers the best real estate sales brokerage and valuation services in P\u00e4rnu County, L\u00e4\u00e4nemaa. Since 1992, we have been dedicated to ensuring the profitable sale and rental of our clients\u2019 real estate. We work with property owners, buyers, investors, tenants, municipalities and financial institutions to provide solutions [&hellip;]\" \/>\n<meta property=\"og:url\" content=\"https:\/\/www.tonisson.ee\/en\/about\/\" \/>\n<meta property=\"og:site_name\" content=\"T&otilde;nisson\" \/>\n<meta property=\"article:modified_time\" content=\"2025-12-17T13:32:59+00:00\" \/>\n<meta property=\"og:image\" content=\"https:\/\/www.tonisson.ee\/wp-content\/uploads\/2025\/03\/eramute-aerofoto-e1742374239931.jpg\" \/>\n\t<meta property=\"og:image:width\" content=\"2300\" \/>\n\t<meta property=\"og:image:height\" content=\"1725\" \/>\n\t<meta property=\"og:image:type\" content=\"image\/jpeg\" \/>\n<meta name=\"twitter:card\" content=\"summary_large_image\" \/>\n<meta name=\"twitter:label1\" content=\"Est. reading time\" \/>\n\t<meta name=\"twitter:data1\" content=\"7 minutes\" \/>\n<script type=\"application\/ld+json\" class=\"yoast-schema-graph\">{\"@context\":\"https:\\\/\\\/schema.org\",\"@graph\":[{\"@type\":\"WebPage\",\"@id\":\"https:\\\/\\\/www.tonisson.ee\\\/en\\\/about\\\/\",\"url\":\"https:\\\/\\\/www.tonisson.ee\\\/en\\\/about\\\/\",\"name\":\"About us - T&otilde;nisson\",\"isPartOf\":{\"@id\":\"https:\\\/\\\/www.tonisson.ee\\\/en\\\/#website\"},\"primaryImageOfPage\":{\"@id\":\"https:\\\/\\\/www.tonisson.ee\\\/en\\\/about\\\/#primaryimage\"},\"image\":{\"@id\":\"https:\\\/\\\/www.tonisson.ee\\\/en\\\/about\\\/#primaryimage\"},\"thumbnailUrl\":\"https:\\\/\\\/www.tonisson.ee\\\/wp-content\\\/uploads\\\/2025\\\/03\\\/eramute-aerofoto-e1742374239931.jpg\",\"datePublished\":\"2015-08-06T12:26:53+00:00\",\"dateModified\":\"2025-12-17T13:32:59+00:00\",\"breadcrumb\":{\"@id\":\"https:\\\/\\\/www.tonisson.ee\\\/en\\\/about\\\/#breadcrumb\"},\"inLanguage\":\"en-US\",\"potentialAction\":[{\"@type\":\"ReadAction\",\"target\":[\"https:\\\/\\\/www.tonisson.ee\\\/en\\\/about\\\/\"]}]},{\"@type\":\"ImageObject\",\"inLanguage\":\"en-US\",\"@id\":\"https:\\\/\\\/www.tonisson.ee\\\/en\\\/about\\\/#primaryimage\",\"url\":\"https:\\\/\\\/www.tonisson.ee\\\/wp-content\\\/uploads\\\/2025\\\/03\\\/eramute-aerofoto-e1742374239931.jpg\",\"contentUrl\":\"https:\\\/\\\/www.tonisson.ee\\\/wp-content\\\/uploads\\\/2025\\\/03\\\/eramute-aerofoto-e1742374239931.jpg\",\"width\":2300,\"height\":1725},{\"@type\":\"BreadcrumbList\",\"@id\":\"https:\\\/\\\/www.tonisson.ee\\\/en\\\/about\\\/#breadcrumb\",\"itemListElement\":[{\"@type\":\"ListItem\",\"position\":1,\"name\":\"Home\",\"item\":\"https:\\\/\\\/www.tonisson.ee\\\/en\\\/\"},{\"@type\":\"ListItem\",\"position\":2,\"name\":\"About us\"}]},{\"@type\":\"WebSite\",\"@id\":\"https:\\\/\\\/www.tonisson.ee\\\/en\\\/#website\",\"url\":\"https:\\\/\\\/www.tonisson.ee\\\/en\\\/\",\"name\":\"Tonisson\",\"description\":\"Just another WordPress site\",\"potentialAction\":[{\"@type\":\"SearchAction\",\"target\":{\"@type\":\"EntryPoint\",\"urlTemplate\":\"https:\\\/\\\/www.tonisson.ee\\\/en\\\/?s={search_term_string}\"},\"query-input\":{\"@type\":\"PropertyValueSpecification\",\"valueRequired\":true,\"valueName\":\"search_term_string\"}}],\"inLanguage\":\"en-US\"}]}<\/script>\n<!-- \/ Yoast SEO plugin. -->","yoast_head_json":{"title":"About us - T&otilde;nisson","robots":{"index":"index","follow":"follow","max-snippet":"max-snippet:-1","max-image-preview":"max-image-preview:large","max-video-preview":"max-video-preview:-1"},"canonical":"https:\/\/www.tonisson.ee\/en\/about\/","og_locale":"en_US","og_type":"article","og_title":"About us - T&otilde;nisson","og_description":"Major developments Larger objects Sponsorship Miscellaneous T\u00f5nisson Kinnisvara offers the best real estate sales brokerage and valuation services in P\u00e4rnu County, L\u00e4\u00e4nemaa. Since 1992, we have been dedicated to ensuring the profitable sale and rental of our clients\u2019 real estate. We work with property owners, buyers, investors, tenants, municipalities and financial institutions to provide solutions [&hellip;]","og_url":"https:\/\/www.tonisson.ee\/en\/about\/","og_site_name":"T&otilde;nisson","article_modified_time":"2025-12-17T13:32:59+00:00","og_image":[{"width":2300,"height":1725,"url":"https:\/\/www.tonisson.ee\/wp-content\/uploads\/2025\/03\/eramute-aerofoto-e1742374239931.jpg","type":"image\/jpeg"}],"twitter_card":"summary_large_image","twitter_misc":{"Est. reading time":"7 minutes"},"schema":{"@context":"https:\/\/schema.org","@graph":[{"@type":"WebPage","@id":"https:\/\/www.tonisson.ee\/en\/about\/","url":"https:\/\/www.tonisson.ee\/en\/about\/","name":"About us - T&otilde;nisson","isPartOf":{"@id":"https:\/\/www.tonisson.ee\/en\/#website"},"primaryImageOfPage":{"@id":"https:\/\/www.tonisson.ee\/en\/about\/#primaryimage"},"image":{"@id":"https:\/\/www.tonisson.ee\/en\/about\/#primaryimage"},"thumbnailUrl":"https:\/\/www.tonisson.ee\/wp-content\/uploads\/2025\/03\/eramute-aerofoto-e1742374239931.jpg","datePublished":"2015-08-06T12:26:53+00:00","dateModified":"2025-12-17T13:32:59+00:00","breadcrumb":{"@id":"https:\/\/www.tonisson.ee\/en\/about\/#breadcrumb"},"inLanguage":"en-US","potentialAction":[{"@type":"ReadAction","target":["https:\/\/www.tonisson.ee\/en\/about\/"]}]},{"@type":"ImageObject","inLanguage":"en-US","@id":"https:\/\/www.tonisson.ee\/en\/about\/#primaryimage","url":"https:\/\/www.tonisson.ee\/wp-content\/uploads\/2025\/03\/eramute-aerofoto-e1742374239931.jpg","contentUrl":"https:\/\/www.tonisson.ee\/wp-content\/uploads\/2025\/03\/eramute-aerofoto-e1742374239931.jpg","width":2300,"height":1725},{"@type":"BreadcrumbList","@id":"https:\/\/www.tonisson.ee\/en\/about\/#breadcrumb","itemListElement":[{"@type":"ListItem","position":1,"name":"Home","item":"https:\/\/www.tonisson.ee\/en\/"},{"@type":"ListItem","position":2,"name":"About us"}]},{"@type":"WebSite","@id":"https:\/\/www.tonisson.ee\/en\/#website","url":"https:\/\/www.tonisson.ee\/en\/","name":"Tonisson","description":"Just another WordPress site","potentialAction":[{"@type":"SearchAction","target":{"@type":"EntryPoint","urlTemplate":"https:\/\/www.tonisson.ee\/en\/?s={search_term_string}"},"query-input":{"@type":"PropertyValueSpecification","valueRequired":true,"valueName":"search_term_string"}}],"inLanguage":"en-US"}]}},"_links":{"self":[{"href":"https:\/\/www.tonisson.ee\/en\/wp-json\/wp\/v2\/pages\/35","targetHints":{"allow":["GET"]}}],"collection":[{"href":"https:\/\/www.tonisson.ee\/en\/wp-json\/wp\/v2\/pages"}],"about":[{"href":"https:\/\/www.tonisson.ee\/en\/wp-json\/wp\/v2\/types\/page"}],"author":[{"embeddable":true,"href":"https:\/\/www.tonisson.ee\/en\/wp-json\/wp\/v2\/users\/1"}],"replies":[{"embeddable":true,"href":"https:\/\/www.tonisson.ee\/en\/wp-json\/wp\/v2\/comments?post=35"}],"version-history":[{"count":109,"href":"https:\/\/www.tonisson.ee\/en\/wp-json\/wp\/v2\/pages\/35\/revisions"}],"predecessor-version":[{"id":2177,"href":"https:\/\/www.tonisson.ee\/en\/wp-json\/wp\/v2\/pages\/35\/revisions\/2177"}],"wp:featuredmedia":[{"embeddable":true,"href":"https:\/\/www.tonisson.ee\/en\/wp-json\/wp\/v2\/media\/1968"}],"wp:attachment":[{"href":"https:\/\/www.tonisson.ee\/en\/wp-json\/wp\/v2\/media?parent=35"}],"curies":[{"name":"wp","href":"https:\/\/api.w.org\/{rel}","templated":true}]}}