{"id":1427,"date":"2025-01-03T11:51:00","date_gmt":"2025-01-03T11:51:00","guid":{"rendered":"https:\/\/dev.tonisson.ee\/contact-data\/"},"modified":"2025-12-17T12:50:32","modified_gmt":"2025-12-17T10:50:32","slug":"contact","status":"publish","type":"page","link":"https:\/\/www.tonisson.ee\/en\/contact\/","title":{"rendered":"CONTACT"},"content":{"rendered":"<div class=\"wpcf7 no-js\" id=\"wpcf7-f168-o1\" lang=\"et\" dir=\"ltr\" data-wpcf7-id=\"168\">\n<div class=\"screen-reader-response\">\n<p role=\"status\" aria-live=\"polite\" aria-atomic=\"true\">\n<ul><\/ul>\n<\/div>\n<form action=\"\/en\/wp-json\/wp\/v2\/pages\/1427#wpcf7-f168-o1\" method=\"post\" class=\"wpcf7-form init\" aria-label=\"Contact form\" novalidate=\"novalidate\" data-status=\"init\">\n<fieldset class=\"hidden-fields-container\"><input type=\"hidden\" name=\"_wpcf7\" value=\"168\" \/><input type=\"hidden\" name=\"_wpcf7_version\" value=\"6.1.5\" \/><input type=\"hidden\" name=\"_wpcf7_locale\" value=\"et\" \/><input type=\"hidden\" name=\"_wpcf7_unit_tag\" value=\"wpcf7-f168-o1\" \/><input type=\"hidden\" name=\"_wpcf7_container_post\" value=\"0\" \/><input type=\"hidden\" name=\"_wpcf7_posted_data_hash\" value=\"\" \/><input type=\"hidden\" name=\"_wpcf7_recaptcha_response\" value=\"\" \/><br \/>\n<\/fieldset>\n<div class=\"row\">\n<div class=\"col-md-4\">\n<h2 class=\"no-marg-top\">Saada tagasiside<br \/>\n\t\t<\/h2>\n<p>T\u00f5nisson Kinnisvarale tagasiside v\u00f5i k\u00fcsimuste saatmiseks t\u00e4itke palun j\u00e4rgnevad v\u00e4ljad ning Teiega v\u00f5etakse \u00fchendust.\n\t\t<\/p>\n<\/p><\/div>\n<div class=\"col-md-4\">\n<p><label>Eesnimi<\/label><span class=\"wpcf7-form-control-wrap\" data-name=\"your-name\"><input size=\"40\" maxlength=\"400\" class=\"wpcf7-form-control wpcf7-text wpcf7-validates-as-required form-control\" aria-required=\"true\" aria-invalid=\"false\" value=\"\" type=\"text\" name=\"your-name\" \/><\/span><br \/>\n<label>Telefon<\/label><span class=\"wpcf7-form-control-wrap\" data-name=\"your-phone\"><input size=\"40\" maxlength=\"400\" class=\"wpcf7-form-control wpcf7-tel wpcf7-validates-as-required wpcf7-text wpcf7-validates-as-tel form-control\" aria-required=\"true\" aria-invalid=\"false\" value=\"\" type=\"tel\" name=\"your-phone\" \/><\/span><br \/>\n<label>E-post<\/label><span class=\"wpcf7-form-control-wrap\" data-name=\"your-email\"><input size=\"40\" maxlength=\"400\" class=\"wpcf7-form-control wpcf7-email wpcf7-validates-as-required wpcf7-text wpcf7-validates-as-email form-control\" aria-required=\"true\" aria-invalid=\"false\" value=\"\" type=\"email\" name=\"your-email\" \/><\/span>\n\t\t<\/p>\n<\/p><\/div>\n<div class=\"col-md-4\">\n<div class=\"row\">\n<div class=\"col-md-12\">\n<p><span class=\"wpcf7-form-control-wrap\" data-name=\"your-message\"><textarea cols=\"40\" rows=\"10\" maxlength=\"2000\" class=\"wpcf7-form-control wpcf7-textarea smallarea form-control\" aria-invalid=\"false\" placeholder=\"Teade\" name=\"your-message\"><\/textarea><\/span>\n\t\t\t\t<\/p>\n<\/p><\/div>\n<\/p><\/div>\n<div class=\"form-group text-right\">\n<p><input class=\"wpcf7-form-control wpcf7-submit has-spinner btn-lg btn\" type=\"submit\" value=\"Saada\" \/>\n\t\t\t<\/p>\n<\/p><\/div>\n<\/p><\/div>\n<\/div>\n<div class=\"wpcf7-response-output\" aria-hidden=\"true\"><\/div>\n<\/form>\n<\/div>\n","protected":false},"excerpt":{"rendered":"","protected":false},"author":1,"featured_media":1952,"parent":0,"menu_order":0,"comment_status":"closed","ping_status":"closed","template":"page-templates\/tpl-contact.php","meta":{"_acf_changed":false,"footnotes":"","_links_to":"","_links_to_target":""},"class_list":["post-1427","page","type-page","status-publish","has-post-thumbnail","hentry"],"acf":[],"yoast_head":"<!-- This site is optimized with the Yoast SEO plugin v27.4 - https:\/\/yoast.com\/product\/yoast-seo-wordpress\/ -->\n<title>CONTACT - T&otilde;nisson<\/title>\n<meta name=\"robots\" content=\"index, follow, max-snippet:-1, max-image-preview:large, max-video-preview:-1\" \/>\n<link rel=\"canonical\" href=\"https:\/\/www.tonisson.ee\/en\/contact\/\" \/>\n<meta property=\"og:locale\" content=\"en_US\" \/>\n<meta property=\"og:type\" content=\"article\" \/>\n<meta property=\"og:title\" content=\"CONTACT - T&otilde;nisson\" \/>\n<meta property=\"og:url\" content=\"https:\/\/www.tonisson.ee\/en\/contact\/\" \/>\n<meta property=\"og:site_name\" content=\"T&otilde;nisson\" \/>\n<meta property=\"article:modified_time\" content=\"2025-12-17T10:50:32+00:00\" \/>\n<meta property=\"og:image\" content=\"https:\/\/www.tonisson.ee\/wp-content\/uploads\/2025\/03\/votmed_2-scaled-e1742374670609.jpg\" \/>\n\t<meta property=\"og:image:width\" content=\"2560\" \/>\n\t<meta property=\"og:image:height\" content=\"2027\" \/>\n\t<meta property=\"og:image:type\" content=\"image\/jpeg\" \/>\n<meta name=\"twitter:card\" content=\"summary_large_image\" \/>\n<meta name=\"twitter:label1\" content=\"Est. reading time\" \/>\n\t<meta name=\"twitter:data1\" content=\"1 minute\" \/>\n<script type=\"application\/ld+json\" class=\"yoast-schema-graph\">{\"@context\":\"https:\\\/\\\/schema.org\",\"@graph\":[{\"@type\":\"WebPage\",\"@id\":\"https:\\\/\\\/www.tonisson.ee\\\/en\\\/contact\\\/\",\"url\":\"https:\\\/\\\/www.tonisson.ee\\\/en\\\/contact\\\/\",\"name\":\"CONTACT - T&otilde;nisson\",\"isPartOf\":{\"@id\":\"https:\\\/\\\/www.tonisson.ee\\\/en\\\/#website\"},\"primaryImageOfPage\":{\"@id\":\"https:\\\/\\\/www.tonisson.ee\\\/en\\\/contact\\\/#primaryimage\"},\"image\":{\"@id\":\"https:\\\/\\\/www.tonisson.ee\\\/en\\\/contact\\\/#primaryimage\"},\"thumbnailUrl\":\"https:\\\/\\\/www.tonisson.ee\\\/wp-content\\\/uploads\\\/2025\\\/03\\\/votmed_2-scaled-e1742374670609.jpg\",\"datePublished\":\"2025-01-03T11:51:00+00:00\",\"dateModified\":\"2025-12-17T10:50:32+00:00\",\"breadcrumb\":{\"@id\":\"https:\\\/\\\/www.tonisson.ee\\\/en\\\/contact\\\/#breadcrumb\"},\"inLanguage\":\"en-US\",\"potentialAction\":[{\"@type\":\"ReadAction\",\"target\":[\"https:\\\/\\\/www.tonisson.ee\\\/en\\\/contact\\\/\"]}]},{\"@type\":\"ImageObject\",\"inLanguage\":\"en-US\",\"@id\":\"https:\\\/\\\/www.tonisson.ee\\\/en\\\/contact\\\/#primaryimage\",\"url\":\"https:\\\/\\\/www.tonisson.ee\\\/wp-content\\\/uploads\\\/2025\\\/03\\\/votmed_2-scaled-e1742374670609.jpg\",\"contentUrl\":\"https:\\\/\\\/www.tonisson.ee\\\/wp-content\\\/uploads\\\/2025\\\/03\\\/votmed_2-scaled-e1742374670609.jpg\",\"width\":2560,\"height\":2027},{\"@type\":\"BreadcrumbList\",\"@id\":\"https:\\\/\\\/www.tonisson.ee\\\/en\\\/contact\\\/#breadcrumb\",\"itemListElement\":[{\"@type\":\"ListItem\",\"position\":1,\"name\":\"Home\",\"item\":\"https:\\\/\\\/www.tonisson.ee\\\/en\\\/\"},{\"@type\":\"ListItem\",\"position\":2,\"name\":\"CONTACT\"}]},{\"@type\":\"WebSite\",\"@id\":\"https:\\\/\\\/www.tonisson.ee\\\/en\\\/#website\",\"url\":\"https:\\\/\\\/www.tonisson.ee\\\/en\\\/\",\"name\":\"Tonisson\",\"description\":\"Just another WordPress site\",\"potentialAction\":[{\"@type\":\"SearchAction\",\"target\":{\"@type\":\"EntryPoint\",\"urlTemplate\":\"https:\\\/\\\/www.tonisson.ee\\\/en\\\/?s={search_term_string}\"},\"query-input\":{\"@type\":\"PropertyValueSpecification\",\"valueRequired\":true,\"valueName\":\"search_term_string\"}}],\"inLanguage\":\"en-US\"}]}<\/script>\n<!-- \/ Yoast SEO plugin. -->","yoast_head_json":{"title":"CONTACT - T&otilde;nisson","robots":{"index":"index","follow":"follow","max-snippet":"max-snippet:-1","max-image-preview":"max-image-preview:large","max-video-preview":"max-video-preview:-1"},"canonical":"https:\/\/www.tonisson.ee\/en\/contact\/","og_locale":"en_US","og_type":"article","og_title":"CONTACT - T&otilde;nisson","og_url":"https:\/\/www.tonisson.ee\/en\/contact\/","og_site_name":"T&otilde;nisson","article_modified_time":"2025-12-17T10:50:32+00:00","og_image":[{"width":2560,"height":2027,"url":"https:\/\/www.tonisson.ee\/wp-content\/uploads\/2025\/03\/votmed_2-scaled-e1742374670609.jpg","type":"image\/jpeg"}],"twitter_card":"summary_large_image","twitter_misc":{"Est. reading time":"1 minute"},"schema":{"@context":"https:\/\/schema.org","@graph":[{"@type":"WebPage","@id":"https:\/\/www.tonisson.ee\/en\/contact\/","url":"https:\/\/www.tonisson.ee\/en\/contact\/","name":"CONTACT - T&otilde;nisson","isPartOf":{"@id":"https:\/\/www.tonisson.ee\/en\/#website"},"primaryImageOfPage":{"@id":"https:\/\/www.tonisson.ee\/en\/contact\/#primaryimage"},"image":{"@id":"https:\/\/www.tonisson.ee\/en\/contact\/#primaryimage"},"thumbnailUrl":"https:\/\/www.tonisson.ee\/wp-content\/uploads\/2025\/03\/votmed_2-scaled-e1742374670609.jpg","datePublished":"2025-01-03T11:51:00+00:00","dateModified":"2025-12-17T10:50:32+00:00","breadcrumb":{"@id":"https:\/\/www.tonisson.ee\/en\/contact\/#breadcrumb"},"inLanguage":"en-US","potentialAction":[{"@type":"ReadAction","target":["https:\/\/www.tonisson.ee\/en\/contact\/"]}]},{"@type":"ImageObject","inLanguage":"en-US","@id":"https:\/\/www.tonisson.ee\/en\/contact\/#primaryimage","url":"https:\/\/www.tonisson.ee\/wp-content\/uploads\/2025\/03\/votmed_2-scaled-e1742374670609.jpg","contentUrl":"https:\/\/www.tonisson.ee\/wp-content\/uploads\/2025\/03\/votmed_2-scaled-e1742374670609.jpg","width":2560,"height":2027},{"@type":"BreadcrumbList","@id":"https:\/\/www.tonisson.ee\/en\/contact\/#breadcrumb","itemListElement":[{"@type":"ListItem","position":1,"name":"Home","item":"https:\/\/www.tonisson.ee\/en\/"},{"@type":"ListItem","position":2,"name":"CONTACT"}]},{"@type":"WebSite","@id":"https:\/\/www.tonisson.ee\/en\/#website","url":"https:\/\/www.tonisson.ee\/en\/","name":"Tonisson","description":"Just another WordPress site","potentialAction":[{"@type":"SearchAction","target":{"@type":"EntryPoint","urlTemplate":"https:\/\/www.tonisson.ee\/en\/?s={search_term_string}"},"query-input":{"@type":"PropertyValueSpecification","valueRequired":true,"valueName":"search_term_string"}}],"inLanguage":"en-US"}]}},"_links":{"self":[{"href":"https:\/\/www.tonisson.ee\/en\/wp-json\/wp\/v2\/pages\/1427","targetHints":{"allow":["GET"]}}],"collection":[{"href":"https:\/\/www.tonisson.ee\/en\/wp-json\/wp\/v2\/pages"}],"about":[{"href":"https:\/\/www.tonisson.ee\/en\/wp-json\/wp\/v2\/types\/page"}],"author":[{"embeddable":true,"href":"https:\/\/www.tonisson.ee\/en\/wp-json\/wp\/v2\/users\/1"}],"replies":[{"embeddable":true,"href":"https:\/\/www.tonisson.ee\/en\/wp-json\/wp\/v2\/comments?post=1427"}],"version-history":[{"count":14,"href":"https:\/\/www.tonisson.ee\/en\/wp-json\/wp\/v2\/pages\/1427\/revisions"}],"predecessor-version":[{"id":2161,"href":"https:\/\/www.tonisson.ee\/en\/wp-json\/wp\/v2\/pages\/1427\/revisions\/2161"}],"wp:featuredmedia":[{"embeddable":true,"href":"https:\/\/www.tonisson.ee\/en\/wp-json\/wp\/v2\/media\/1952"}],"wp:attachment":[{"href":"https:\/\/www.tonisson.ee\/en\/wp-json\/wp\/v2\/media?parent=1427"}],"curies":[{"name":"wp","href":"https:\/\/api.w.org\/{rel}","templated":true}]}}